{"id":9,"date":"2018-03-03T14:10:59","date_gmt":"2018-03-03T14:10:59","guid":{"rendered":"https:\/\/puenter.ch\/?page_id=9"},"modified":"2019-02-01T13:17:38","modified_gmt":"2019-02-01T13:17:38","slug":"produkte","status":"publish","type":"page","link":"https:\/\/puenter.ch\/index.php\/produkte\/","title":{"rendered":"Produkte"},"content":{"rendered":"<p>Unsere Produkte sind Bio-Knospen zertifiziert.<\/p>\n<p>Alle Produkte, die auf dem <a href=\"https:\/\/puenter.ch\/index.php\/bestellen\/\"><strong><span style=\"color: #0000ff;\"><span style=\"text-decoration: underline;\">Bestelltalon<\/span><\/span><\/strong><\/a> vorhanden sind, k\u00f6nnen Sie bestellen.<\/p>\n<p>Wir haben unsere Produkte grob in zwei Gruppen eingeteilt:<\/p>\n<p><span style=\"color: #ff0000;\"><a style=\"color: #ff0000;\" href=\"https:\/\/puenter.ch\/index.php\/frischfleisch\/\"><strong>-&gt;Frischfleisch&lt;-<\/strong><\/a><\/span><\/p>\n<p><a href=\"https:\/\/puenter.ch\/index.php\/trockenfleisch\/\"><span style=\"color: #0000ff;\"><strong><span style=\"color: #ff6600;\">-&gt;Trockenfleisch&lt;-<\/span><\/strong><\/span><\/a><\/p>\n<p><strong>Felle<br \/>\n<\/strong>Wir haben ein kleines Lager an braunen Lamm- und Schaffellen und zwei Kalbfelle zu Hause. Wenn Sie Interesse haben kontaktieren Sie uns \u00fcber &#8222;Kontakt&#8220; oder per Telefon (032 499 98 61).\u00a0Auf Bestellung k\u00f6nnen wir auch Kuhfelle (alle braun) herrichten lassen. Das geht aber sehr lange, weil wir keine eigenen Felle an Lager haben.<\/p>\n","protected":false},"excerpt":{"rendered":"<p>Unsere Produkte sind Bio-Knospen zertifiziert. Alle Produkte, die auf dem Bestelltalon vorhanden sind, k\u00f6nnen Sie bestellen. Wir haben unsere Produkte grob in zwei Gruppen eingeteilt: -&gt;Frischfleisch&lt;- -&gt;Trockenfleisch&lt;- Felle Wir haben ein kleines Lager an braunen Lamm- und Schaffellen und zwei Kalbfelle zu Hause. Wenn Sie Interesse haben kontaktieren Sie uns \u00fcber &#8222;Kontakt&#8220; oder per Telefon (032 499 98 61).\u00a0Auf Bestellung k\u00f6nnen wir auch Kuhfelle (alle braun) herrichten lassen. Das geht aber sehr lange, weil wir keine eigenen Felle an Lager&#8230;<\/p>\n<p class=\"read-more\"><a class=\"btn btn-default\" href=\"https:\/\/puenter.ch\/index.php\/produkte\/\">Weiterlesen<span class=\"screen-reader-text\"> Weiterlesen<\/span><\/a><\/p>\n","protected":false},"author":1,"featured_media":0,"parent":0,"menu_order":0,"comment_status":"closed","ping_status":"closed","template":"","meta":{"spay_email":""},"jetpack_sharing_enabled":true,"jetpack_shortlink":"https:\/\/wp.me\/PauNxH-9","jetpack-related-posts":[{"id":404,"url":"https:\/\/puenter.ch\/index.php\/trockenfleisch\/","url_meta":{"origin":9,"position":0},"title":"Trockenfleisch","date":"Februar 1, 2019","format":false,"excerpt":"Unsere Trockenfleischspezialit\u00e4ten stellen wir auf dem Hof aus dem Fleisch unserer Tiere selber her.Alle Trockenfleischprodukte sind zum roh essen. Der Versand f\u00fcrs Trockenfleisch findet jeweils im Dezember statt. Tiefgefroren k\u00f6nnen Trockenfleischprodukte das ganze Jahr durch, solange Vorrat, gekauft und nach Absprache verschickt werden. Rauchsalami Die Rauchsalami ist eine Salamie, die\u2026","rel":"","context":"\u00c4hnlicher Beitrag","img":{"alt_text":"","src":"https:\/\/i0.wp.com\/puenter.ch\/wp-content\/uploads\/2019\/02\/P1060943.jpg?resize=350%2C200&ssl=1","width":350,"height":200},"classes":[]},{"id":518,"url":"https:\/\/puenter.ch\/index.php\/unsere-tiere\/","url_meta":{"origin":9,"position":1},"title":"Unsere Tiere","date":"Februar 16, 2019","format":false,"excerpt":"Unsere drei Hunde Momo, Bagira und Fynn bewachen den Hof und im Sommer helfen sie das Vieh zu sammeln und einzutreiben. Unsere H\u00fchner. Der Laufentenauslauf verl\u00e4uft rund um den ganzen Garten. Die Enten dienen somit zus\u00e4tzlich als biologische Schneckensperre vom Grasland zum Garten. Die kleinen L\u00e4mmer geniessen die Fr\u00fchlingssonne im\u2026","rel":"","context":"\u00c4hnlicher Beitrag","img":{"alt_text":"","src":"https:\/\/i0.wp.com\/puenter.ch\/wp-content\/uploads\/2019\/02\/P1060976.jpg?resize=350%2C200&ssl=1","width":350,"height":200},"classes":[]},{"id":65,"url":"https:\/\/puenter.ch\/index.php\/bestellen\/","url_meta":{"origin":9,"position":2},"title":"Bestellen","date":"M\u00e4rz 3, 2018","format":false,"excerpt":"Zur Zeit haben wir folgende Produkte im Angebot. Weitere Informationen zu den Fleischpaketen und Kleinabpackung unter Produkten.","rel":"","context":"\u00c4hnlicher Beitrag","img":{"alt_text":"","src":"","width":0,"height":0},"classes":[]},{"id":399,"url":"https:\/\/puenter.ch\/index.php\/frischfleisch\/","url_meta":{"origin":9,"position":3},"title":"Frischfleisch","date":"Februar 1, 2019","format":false,"excerpt":"Ein PaketBei einem Paket wird jede verschiedene Fleischsorte in jeweils\u00a0 einen Beutel abgepackt. Wenn Sie kleinere Portionen m\u00f6chten, geben Sie die bitte im Feld \"Kleinabpackung\" so wie Sie es w\u00fcnschen an. Kalbfleischpaket Das Kalbfleisch ist in 5 kg und 10 kg Paketen erh\u00e4ltlich. Ein 5 kg Paket enth\u00e4lt: Steaks, Pl\u00e4tzli,\u2026","rel":"","context":"\u00c4hnlicher Beitrag","img":{"alt_text":"","src":"https:\/\/i2.wp.com\/puenter.ch\/wp-content\/uploads\/2019\/11\/Kalbfleischmischpaket-5-Kg-b-1-scaled.jpg?resize=350%2C200&ssl=1","width":350,"height":200},"classes":[]},{"id":13,"url":"https:\/\/puenter.ch\/index.php\/ueber-uns\/","url_meta":{"origin":9,"position":4},"title":"\u00dcber uns","date":"M\u00e4rz 3, 2018","format":false,"excerpt":"Das sind wir: v.l. Lukas, Corinna, Silvia, Andreas und Florian.","rel":"","context":"\u00c4hnlicher Beitrag","img":{"alt_text":"","src":"https:\/\/i1.wp.com\/puenter.ch\/wp-content\/uploads\/2018\/05\/2017-05-Mai-Konf-Stefanie-069.jpg?resize=350%2C200&ssl=1","width":350,"height":200},"classes":[]},{"id":11,"url":"https:\/\/puenter.ch\/index.php\/haus-und-hof\/","url_meta":{"origin":9,"position":5},"title":"Haus und Hof","date":"M\u00e4rz 3, 2018","format":false,"excerpt":"Wie aus dem Hofnamen B\u00e4chlen zu ahnen ist, hat es relativ viel Gew\u00e4sser was eine interessante Landschaft ergibt. Dank der extensiven Bio-Produktion \u00fcberleben viele sch\u00f6ne Pflanzen und Blumen die durch eine intensive Landwirtschaft verdr\u00e4ngt w\u00fcrden. Auf unserem Hof leben Milchk\u00fche mit Muni, Rinder und K\u00e4lber, Schafe und L\u00e4mmer, Ziegen, Schweine,\u2026","rel":"","context":"\u00c4hnlicher Beitrag","img":{"alt_text":"","src":"https:\/\/i2.wp.com\/puenter.ch\/wp-content\/uploads\/2019\/01\/P1070994.jpg?resize=350%2C200&ssl=1","width":350,"height":200},"classes":[]}],"_links":{"self":[{"href":"https:\/\/puenter.ch\/index.php\/wp-json\/wp\/v2\/pages\/9"}],"collection":[{"href":"https:\/\/puenter.ch\/index.php\/wp-json\/wp\/v2\/pages"}],"about":[{"href":"https:\/\/puenter.ch\/index.php\/wp-json\/wp\/v2\/types\/page"}],"author":[{"embeddable":true,"href":"https:\/\/puenter.ch\/index.php\/wp-json\/wp\/v2\/users\/1"}],"replies":[{"embeddable":true,"href":"https:\/\/puenter.ch\/index.php\/wp-json\/wp\/v2\/comments?post=9"}],"version-history":[{"count":39,"href":"https:\/\/puenter.ch\/index.php\/wp-json\/wp\/v2\/pages\/9\/revisions"}],"predecessor-version":[{"id":491,"href":"https:\/\/puenter.ch\/index.php\/wp-json\/wp\/v2\/pages\/9\/revisions\/491"}],"wp:attachment":[{"href":"https:\/\/puenter.ch\/index.php\/wp-json\/wp\/v2\/media?parent=9"}],"curies":[{"name":"wp","href":"https:\/\/api.w.org\/{rel}","templated":true}]}}