{"id":595,"date":"2019-03-04T13:23:33","date_gmt":"2019-03-04T13:23:33","guid":{"rendered":"https:\/\/puenter.ch\/?page_id=595"},"modified":"2019-11-28T14:58:56","modified_gmt":"2019-11-28T14:58:56","slug":"wildtiere","status":"publish","type":"page","link":"https:\/\/puenter.ch\/index.php\/wildtiere\/","title":{"rendered":"Wildtiere"},"content":{"rendered":"\n<div data-carousel-extra='{\"blog_id\":1,\"permalink\":\"https:\\\/\\\/puenter.ch\\\/index.php\\\/wildtiere\\\/\"}' class=\"wp-block-group\"><div data-carousel-extra='{\"blog_id\":1,\"permalink\":\"https:\\\/\\\/puenter.ch\\\/index.php\\\/wildtiere\\\/\"}' class=\"wp-block-group__inner-container\"><\/div><\/div>\n\n\n\n<p>Insgesamt 14 G\u00e4msen besuchte regelm\u00e4ssig die Weide direkt oberhalb des Hofes.<\/p>\n\n\n\n<figure class=\"wp-block-gallery columns-3 is-cropped\"><ul data-carousel-extra='{\"blog_id\":1,\"permalink\":\"https:\\\/\\\/puenter.ch\\\/index.php\\\/wildtiere\\\/\"}' class=\"blocks-gallery-grid\"><li class=\"blocks-gallery-item\"><figure><img data-attachment-id=\"600\" data-permalink=\"https:\/\/puenter.ch\/index.php\/wildtiere\/p1080791\/\" data-orig-file=\"https:\/\/puenter.ch\/wp-content\/uploads\/2019\/03\/P1080791.jpg\" data-orig-size=\"5184,3456\" data-comments-opened=\"1\" data-image-meta=\"{&quot;aperture&quot;:&quot;6.4&quot;,&quot;credit&quot;:&quot;&quot;,&quot;camera&quot;:&quot;DC-TZ91&quot;,&quot;caption&quot;:&quot;&quot;,&quot;created_timestamp&quot;:&quot;1550955107&quot;,&quot;copyright&quot;:&quot;&quot;,&quot;focal_length&quot;:&quot;129&quot;,&quot;iso&quot;:&quot;400&quot;,&quot;shutter_speed&quot;:&quot;0.008&quot;,&quot;title&quot;:&quot;&quot;,&quot;orientation&quot;:&quot;1&quot;}\" data-image-title=\"Die geselligen Tiere sind in grossen Gruppen unterwegs. W\u00e4hrend der Jagt teilen sie sich jedoch in kleinere Gruppen.\" data-image-description=\"\" data-medium-file=\"https:\/\/puenter.ch\/wp-content\/uploads\/2019\/03\/P1080791-300x200.jpg\" data-large-file=\"https:\/\/puenter.ch\/wp-content\/uploads\/2019\/03\/P1080791-1024x683.jpg\" loading=\"lazy\" width=\"1024\" height=\"683\" src=\"https:\/\/puenter.ch\/wp-content\/uploads\/2019\/03\/P1080791-1024x683.jpg\" alt=\"\" data-id=\"600\" data-link=\"https:\/\/puenter.ch\/index.php\/wildtiere\/p1080791\/\" class=\"wp-image-600\" srcset=\"https:\/\/puenter.ch\/wp-content\/uploads\/2019\/03\/P1080791-1024x683.jpg 1024w, https:\/\/puenter.ch\/wp-content\/uploads\/2019\/03\/P1080791-300x200.jpg 300w, https:\/\/puenter.ch\/wp-content\/uploads\/2019\/03\/P1080791-768x512.jpg 768w, https:\/\/puenter.ch\/wp-content\/uploads\/2019\/03\/P1080791-405x270.jpg 405w\" sizes=\"(max-width: 1024px) 100vw, 1024px\" \/><\/figure><\/li><li class=\"blocks-gallery-item\"><figure><img data-attachment-id=\"602\" data-permalink=\"https:\/\/puenter.ch\/index.php\/wildtiere\/p1080877\/\" data-orig-file=\"https:\/\/puenter.ch\/wp-content\/uploads\/2019\/03\/P1080877.jpg\" data-orig-size=\"5184,3456\" data-comments-opened=\"1\" data-image-meta=\"{&quot;aperture&quot;:&quot;6.4&quot;,&quot;credit&quot;:&quot;&quot;,&quot;camera&quot;:&quot;DC-TZ91&quot;,&quot;caption&quot;:&quot;&quot;,&quot;created_timestamp&quot;:&quot;1550955445&quot;,&quot;copyright&quot;:&quot;&quot;,&quot;focal_length&quot;:&quot;129&quot;,&quot;iso&quot;:&quot;400&quot;,&quot;shutter_speed&quot;:&quot;0.008&quot;,&quot;title&quot;:&quot;&quot;,&quot;orientation&quot;:&quot;1&quot;}\" data-image-title=\"G\u00e4msen sind nie alleine.\" data-image-description=\"\" data-medium-file=\"https:\/\/puenter.ch\/wp-content\/uploads\/2019\/03\/P1080877-300x200.jpg\" data-large-file=\"https:\/\/puenter.ch\/wp-content\/uploads\/2019\/03\/P1080877-1024x683.jpg\" loading=\"lazy\" width=\"1024\" height=\"683\" src=\"https:\/\/puenter.ch\/wp-content\/uploads\/2019\/03\/P1080877-1024x683.jpg\" alt=\"\" data-id=\"602\" data-link=\"https:\/\/puenter.ch\/index.php\/wildtiere\/p1080877\/\" class=\"wp-image-602\" srcset=\"https:\/\/puenter.ch\/wp-content\/uploads\/2019\/03\/P1080877-1024x683.jpg 1024w, https:\/\/puenter.ch\/wp-content\/uploads\/2019\/03\/P1080877-300x200.jpg 300w, https:\/\/puenter.ch\/wp-content\/uploads\/2019\/03\/P1080877-768x512.jpg 768w, https:\/\/puenter.ch\/wp-content\/uploads\/2019\/03\/P1080877-405x270.jpg 405w\" sizes=\"(max-width: 1024px) 100vw, 1024px\" \/><\/figure><\/li><li class=\"blocks-gallery-item\"><figure><img data-attachment-id=\"601\" data-permalink=\"https:\/\/puenter.ch\/index.php\/wildtiere\/p1080829\/\" data-orig-file=\"https:\/\/puenter.ch\/wp-content\/uploads\/2019\/03\/P1080829.jpg\" data-orig-size=\"5184,3456\" data-comments-opened=\"1\" data-image-meta=\"{&quot;aperture&quot;:&quot;6.4&quot;,&quot;credit&quot;:&quot;&quot;,&quot;camera&quot;:&quot;DC-TZ91&quot;,&quot;caption&quot;:&quot;&quot;,&quot;created_timestamp&quot;:&quot;1550955252&quot;,&quot;copyright&quot;:&quot;&quot;,&quot;focal_length&quot;:&quot;129&quot;,&quot;iso&quot;:&quot;400&quot;,&quot;shutter_speed&quot;:&quot;0.008&quot;,&quot;title&quot;:&quot;&quot;,&quot;orientation&quot;:&quot;1&quot;}\" data-image-title=\"Eine erwachsene G\u00e4mse.\" data-image-description=\"\" data-medium-file=\"https:\/\/puenter.ch\/wp-content\/uploads\/2019\/03\/P1080829-300x200.jpg\" data-large-file=\"https:\/\/puenter.ch\/wp-content\/uploads\/2019\/03\/P1080829-1024x683.jpg\" loading=\"lazy\" width=\"1024\" height=\"683\" src=\"https:\/\/puenter.ch\/wp-content\/uploads\/2019\/03\/P1080829-1024x683.jpg\" alt=\"\" data-id=\"601\" data-link=\"https:\/\/puenter.ch\/index.php\/wildtiere\/p1080829\/\" class=\"wp-image-601\" srcset=\"https:\/\/puenter.ch\/wp-content\/uploads\/2019\/03\/P1080829-1024x683.jpg 1024w, https:\/\/puenter.ch\/wp-content\/uploads\/2019\/03\/P1080829-300x200.jpg 300w, https:\/\/puenter.ch\/wp-content\/uploads\/2019\/03\/P1080829-768x512.jpg 768w, https:\/\/puenter.ch\/wp-content\/uploads\/2019\/03\/P1080829-405x270.jpg 405w\" sizes=\"(max-width: 1024px) 100vw, 1024px\" \/><\/figure><\/li><li class=\"blocks-gallery-item\"><figure><img data-attachment-id=\"604\" data-permalink=\"https:\/\/puenter.ch\/index.php\/wildtiere\/p1080990\/\" data-orig-file=\"https:\/\/puenter.ch\/wp-content\/uploads\/2019\/03\/P1080990.jpg\" data-orig-size=\"5184,3456\" data-comments-opened=\"1\" data-image-meta=\"{&quot;aperture&quot;:&quot;6.4&quot;,&quot;credit&quot;:&quot;&quot;,&quot;camera&quot;:&quot;DC-TZ91&quot;,&quot;caption&quot;:&quot;&quot;,&quot;created_timestamp&quot;:&quot;1551662535&quot;,&quot;copyright&quot;:&quot;&quot;,&quot;focal_length&quot;:&quot;129&quot;,&quot;iso&quot;:&quot;200&quot;,&quot;shutter_speed&quot;:&quot;0.008&quot;,&quot;title&quot;:&quot;&quot;,&quot;orientation&quot;:&quot;1&quot;}\" data-image-title=\"An der l\u00e4nge der H\u00f6rner ist zu erkennen, dass es noch eine junge G\u00e4mse ist.\" data-image-description=\"\" data-medium-file=\"https:\/\/puenter.ch\/wp-content\/uploads\/2019\/03\/P1080990-300x200.jpg\" data-large-file=\"https:\/\/puenter.ch\/wp-content\/uploads\/2019\/03\/P1080990-1024x683.jpg\" loading=\"lazy\" width=\"1024\" height=\"683\" src=\"https:\/\/puenter.ch\/wp-content\/uploads\/2019\/03\/P1080990-1024x683.jpg\" alt=\"\" data-id=\"604\" data-link=\"https:\/\/puenter.ch\/index.php\/wildtiere\/p1080990\/\" class=\"wp-image-604\" srcset=\"https:\/\/puenter.ch\/wp-content\/uploads\/2019\/03\/P1080990-1024x683.jpg 1024w, https:\/\/puenter.ch\/wp-content\/uploads\/2019\/03\/P1080990-300x200.jpg 300w, https:\/\/puenter.ch\/wp-content\/uploads\/2019\/03\/P1080990-768x512.jpg 768w, https:\/\/puenter.ch\/wp-content\/uploads\/2019\/03\/P1080990-405x270.jpg 405w\" sizes=\"(max-width: 1024px) 100vw, 1024px\" \/><\/figure><\/li><li class=\"blocks-gallery-item\"><figure><img data-attachment-id=\"603\" data-permalink=\"https:\/\/puenter.ch\/index.php\/wildtiere\/p1080972\/\" data-orig-file=\"https:\/\/puenter.ch\/wp-content\/uploads\/2019\/03\/P1080972.jpg\" data-orig-size=\"5184,3456\" data-comments-opened=\"1\" data-image-meta=\"{&quot;aperture&quot;:&quot;6.4&quot;,&quot;credit&quot;:&quot;&quot;,&quot;camera&quot;:&quot;DC-TZ91&quot;,&quot;caption&quot;:&quot;&quot;,&quot;created_timestamp&quot;:&quot;1551662463&quot;,&quot;copyright&quot;:&quot;&quot;,&quot;focal_length&quot;:&quot;129&quot;,&quot;iso&quot;:&quot;250&quot;,&quot;shutter_speed&quot;:&quot;0.008&quot;,&quot;title&quot;:&quot;&quot;,&quot;orientation&quot;:&quot;1&quot;}\" data-image-title=\"Eine junge G\u00e4mse.\" data-image-description=\"\" data-medium-file=\"https:\/\/puenter.ch\/wp-content\/uploads\/2019\/03\/P1080972-300x200.jpg\" data-large-file=\"https:\/\/puenter.ch\/wp-content\/uploads\/2019\/03\/P1080972-1024x683.jpg\" loading=\"lazy\" width=\"1024\" height=\"683\" src=\"https:\/\/puenter.ch\/wp-content\/uploads\/2019\/03\/P1080972-1024x683.jpg\" alt=\"\" data-id=\"603\" data-link=\"https:\/\/puenter.ch\/index.php\/wildtiere\/p1080972\/\" class=\"wp-image-603\" srcset=\"https:\/\/puenter.ch\/wp-content\/uploads\/2019\/03\/P1080972-1024x683.jpg 1024w, https:\/\/puenter.ch\/wp-content\/uploads\/2019\/03\/P1080972-300x200.jpg 300w, https:\/\/puenter.ch\/wp-content\/uploads\/2019\/03\/P1080972-768x512.jpg 768w, https:\/\/puenter.ch\/wp-content\/uploads\/2019\/03\/P1080972-405x270.jpg 405w\" sizes=\"(max-width: 1024px) 100vw, 1024px\" \/><\/figure><\/li><li class=\"blocks-gallery-item\"><figure><img data-attachment-id=\"605\" data-permalink=\"https:\/\/puenter.ch\/index.php\/wildtiere\/p1080998\/\" data-orig-file=\"https:\/\/puenter.ch\/wp-content\/uploads\/2019\/03\/P1080998.jpg\" data-orig-size=\"5184,3456\" data-comments-opened=\"1\" data-image-meta=\"{&quot;aperture&quot;:&quot;6.4&quot;,&quot;credit&quot;:&quot;&quot;,&quot;camera&quot;:&quot;DC-TZ91&quot;,&quot;caption&quot;:&quot;&quot;,&quot;created_timestamp&quot;:&quot;1551662615&quot;,&quot;copyright&quot;:&quot;&quot;,&quot;focal_length&quot;:&quot;129&quot;,&quot;iso&quot;:&quot;320&quot;,&quot;shutter_speed&quot;:&quot;0.008&quot;,&quot;title&quot;:&quot;&quot;,&quot;orientation&quot;:&quot;1&quot;}\" data-image-title=\"Der Verkehr auf der Strasse im Hintergrund k\u00fcmmert sie nicht.\" data-image-description=\"\" data-medium-file=\"https:\/\/puenter.ch\/wp-content\/uploads\/2019\/03\/P1080998-300x200.jpg\" data-large-file=\"https:\/\/puenter.ch\/wp-content\/uploads\/2019\/03\/P1080998-1024x683.jpg\" loading=\"lazy\" width=\"1024\" height=\"683\" src=\"https:\/\/puenter.ch\/wp-content\/uploads\/2019\/03\/P1080998-1024x683.jpg\" alt=\"\" data-id=\"605\" data-link=\"https:\/\/puenter.ch\/index.php\/wildtiere\/p1080998\/\" class=\"wp-image-605\" srcset=\"https:\/\/puenter.ch\/wp-content\/uploads\/2019\/03\/P1080998-1024x683.jpg 1024w, https:\/\/puenter.ch\/wp-content\/uploads\/2019\/03\/P1080998-300x200.jpg 300w, https:\/\/puenter.ch\/wp-content\/uploads\/2019\/03\/P1080998-768x512.jpg 768w, https:\/\/puenter.ch\/wp-content\/uploads\/2019\/03\/P1080998-405x270.jpg 405w\" sizes=\"(max-width: 1024px) 100vw, 1024px\" \/><\/figure><\/li><li class=\"blocks-gallery-item\"><figure><img data-attachment-id=\"607\" data-permalink=\"https:\/\/puenter.ch\/index.php\/wildtiere\/p1090043\/\" data-orig-file=\"https:\/\/puenter.ch\/wp-content\/uploads\/2019\/03\/P1090043.jpg\" data-orig-size=\"5184,3456\" data-comments-opened=\"1\" data-image-meta=\"{&quot;aperture&quot;:&quot;6.4&quot;,&quot;credit&quot;:&quot;&quot;,&quot;camera&quot;:&quot;DC-TZ91&quot;,&quot;caption&quot;:&quot;&quot;,&quot;created_timestamp&quot;:&quot;1551662650&quot;,&quot;copyright&quot;:&quot;&quot;,&quot;focal_length&quot;:&quot;129&quot;,&quot;iso&quot;:&quot;320&quot;,&quot;shutter_speed&quot;:&quot;0.008&quot;,&quot;title&quot;:&quot;&quot;,&quot;orientation&quot;:&quot;1&quot;}\" data-image-title=\"Eine wachsame G\u00e4mse.\" data-image-description=\"\" data-medium-file=\"https:\/\/puenter.ch\/wp-content\/uploads\/2019\/03\/P1090043-300x200.jpg\" data-large-file=\"https:\/\/puenter.ch\/wp-content\/uploads\/2019\/03\/P1090043-1024x683.jpg\" loading=\"lazy\" width=\"1024\" height=\"683\" src=\"https:\/\/puenter.ch\/wp-content\/uploads\/2019\/03\/P1090043-1024x683.jpg\" alt=\"\" data-id=\"607\" data-link=\"https:\/\/puenter.ch\/index.php\/wildtiere\/p1090043\/\" class=\"wp-image-607\" srcset=\"https:\/\/puenter.ch\/wp-content\/uploads\/2019\/03\/P1090043-1024x683.jpg 1024w, https:\/\/puenter.ch\/wp-content\/uploads\/2019\/03\/P1090043-300x200.jpg 300w, https:\/\/puenter.ch\/wp-content\/uploads\/2019\/03\/P1090043-768x512.jpg 768w, https:\/\/puenter.ch\/wp-content\/uploads\/2019\/03\/P1090043-405x270.jpg 405w\" sizes=\"(max-width: 1024px) 100vw, 1024px\" \/><\/figure><\/li><li class=\"blocks-gallery-item\"><figure><img data-attachment-id=\"608\" data-permalink=\"https:\/\/puenter.ch\/index.php\/wildtiere\/p1090049\/\" data-orig-file=\"https:\/\/puenter.ch\/wp-content\/uploads\/2019\/03\/P1090049.jpg\" data-orig-size=\"5184,3456\" data-comments-opened=\"1\" data-image-meta=\"{&quot;aperture&quot;:&quot;6.4&quot;,&quot;credit&quot;:&quot;&quot;,&quot;camera&quot;:&quot;DC-TZ91&quot;,&quot;caption&quot;:&quot;&quot;,&quot;created_timestamp&quot;:&quot;1551662836&quot;,&quot;copyright&quot;:&quot;&quot;,&quot;focal_length&quot;:&quot;129&quot;,&quot;iso&quot;:&quot;1250&quot;,&quot;shutter_speed&quot;:&quot;0.008&quot;,&quot;title&quot;:&quot;&quot;,&quot;orientation&quot;:&quot;1&quot;}\" data-image-title=\"Zur\u00fcck im sicheren Wald.\" data-image-description=\"\" data-medium-file=\"https:\/\/puenter.ch\/wp-content\/uploads\/2019\/03\/P1090049-300x200.jpg\" data-large-file=\"https:\/\/puenter.ch\/wp-content\/uploads\/2019\/03\/P1090049-1024x683.jpg\" loading=\"lazy\" width=\"1024\" height=\"683\" src=\"https:\/\/puenter.ch\/wp-content\/uploads\/2019\/03\/P1090049-1024x683.jpg\" alt=\"\" data-id=\"608\" data-link=\"https:\/\/puenter.ch\/index.php\/wildtiere\/p1090049\/\" class=\"wp-image-608\" srcset=\"https:\/\/puenter.ch\/wp-content\/uploads\/2019\/03\/P1090049-1024x683.jpg 1024w, https:\/\/puenter.ch\/wp-content\/uploads\/2019\/03\/P1090049-300x200.jpg 300w, https:\/\/puenter.ch\/wp-content\/uploads\/2019\/03\/P1090049-768x512.jpg 768w, https:\/\/puenter.ch\/wp-content\/uploads\/2019\/03\/P1090049-405x270.jpg 405w\" sizes=\"(max-width: 1024px) 100vw, 1024px\" \/><\/figure><\/li><\/ul><\/figure>\n\n\n\n<p><br><br><br><\/p>\n\n\n\n<div data-carousel-extra='{\"blog_id\":1,\"permalink\":\"https:\\\/\\\/puenter.ch\\\/index.php\\\/wildtiere\\\/\"}' class=\"wp-block-media-text alignwide\"><figure class=\"wp-block-media-text__media\"><img data-attachment-id=\"319\" data-permalink=\"https:\/\/puenter.ch\/p1080025\/\" data-orig-file=\"https:\/\/puenter.ch\/wp-content\/uploads\/2019\/01\/P1080025.jpg\" data-orig-size=\"5184,3456\" data-comments-opened=\"1\" data-image-meta=\"{&quot;aperture&quot;:&quot;6.4&quot;,&quot;credit&quot;:&quot;&quot;,&quot;camera&quot;:&quot;DC-TZ91&quot;,&quot;caption&quot;:&quot;&quot;,&quot;created_timestamp&quot;:&quot;1548807761&quot;,&quot;copyright&quot;:&quot;&quot;,&quot;focal_length&quot;:&quot;129&quot;,&quot;iso&quot;:&quot;80&quot;,&quot;shutter_speed&quot;:&quot;0.00625&quot;,&quot;title&quot;:&quot;&quot;,&quot;orientation&quot;:&quot;1&quot;}\" data-image-title=\".\" data-image-description=\"\" data-medium-file=\"https:\/\/puenter.ch\/wp-content\/uploads\/2019\/01\/P1080025-300x200.jpg\" data-large-file=\"https:\/\/puenter.ch\/wp-content\/uploads\/2019\/01\/P1080025-1024x683.jpg\" loading=\"lazy\" width=\"1024\" height=\"683\" src=\"https:\/\/puenter.ch\/wp-content\/uploads\/2019\/01\/P1080025-1024x683.jpg\" alt=\"\" class=\"wp-image-319\" srcset=\"https:\/\/puenter.ch\/wp-content\/uploads\/2019\/01\/P1080025-1024x683.jpg 1024w, https:\/\/puenter.ch\/wp-content\/uploads\/2019\/01\/P1080025-300x200.jpg 300w, https:\/\/puenter.ch\/wp-content\/uploads\/2019\/01\/P1080025-768x512.jpg 768w, https:\/\/puenter.ch\/wp-content\/uploads\/2019\/01\/P1080025-405x270.jpg 405w\" sizes=\"(max-width: 1024px) 100vw, 1024px\" \/><\/figure><div data-carousel-extra='{\"blog_id\":1,\"permalink\":\"https:\\\/\\\/puenter.ch\\\/index.php\\\/wildtiere\\\/\"}' class=\"wp-block-media-text__content\">\n<h6><br><\/h6>\n\n\n\n<p>Als der Schnee kam, waren die Amseln froh um die h\u00e4ngen gebliebenen \u00c4pfeln.<\/p>\n<\/div><\/div>\n","protected":false},"excerpt":{"rendered":"<p>Insgesamt 14 G\u00e4msen besuchte regelm\u00e4ssig die Weide direkt oberhalb des Hofes. Als der Schnee kam, waren die Amseln froh um die h\u00e4ngen gebliebenen \u00c4pfeln.<\/p>\n","protected":false},"author":2,"featured_media":0,"parent":0,"menu_order":0,"comment_status":"closed","ping_status":"closed","template":"","meta":{"spay_email":""},"jetpack_sharing_enabled":true,"jetpack_shortlink":"https:\/\/wp.me\/PauNxH-9B","jetpack-related-posts":[{"id":518,"url":"https:\/\/puenter.ch\/index.php\/unsere-tiere\/","url_meta":{"origin":595,"position":0},"title":"Unsere Tiere","date":"Februar 16, 2019","format":false,"excerpt":"Unsere drei Hunde Momo, Bagira und Fynn bewachen den Hof und im Sommer helfen sie das Vieh zu sammeln und einzutreiben. Unsere H\u00fchner. Der Laufentenauslauf verl\u00e4uft rund um den ganzen Garten. Die Enten dienen somit zus\u00e4tzlich als biologische Schneckensperre vom Grasland zum Garten. Die kleinen L\u00e4mmer geniessen die Fr\u00fchlingssonne im\u2026","rel":"","context":"\u00c4hnlicher Beitrag","img":{"alt_text":"","src":"https:\/\/i0.wp.com\/puenter.ch\/wp-content\/uploads\/2019\/02\/P1060976.jpg?resize=350%2C200&ssl=1","width":350,"height":200},"classes":[]},{"id":404,"url":"https:\/\/puenter.ch\/index.php\/trockenfleisch\/","url_meta":{"origin":595,"position":1},"title":"Trockenfleisch","date":"Februar 1, 2019","format":false,"excerpt":"Unsere Trockenfleischspezialit\u00e4ten stellen wir auf dem Hof aus dem Fleisch unserer Tiere selber her.Alle Trockenfleischprodukte sind zum roh essen. Der Versand f\u00fcrs Trockenfleisch findet jeweils im Dezember statt. Tiefgefroren k\u00f6nnen Trockenfleischprodukte das ganze Jahr durch, solange Vorrat, gekauft und nach Absprache verschickt werden. Rauchsalami Die Rauchsalami ist eine Salamie, die\u2026","rel":"","context":"\u00c4hnlicher Beitrag","img":{"alt_text":"","src":"https:\/\/i0.wp.com\/puenter.ch\/wp-content\/uploads\/2019\/02\/P1060943.jpg?resize=350%2C200&ssl=1","width":350,"height":200},"classes":[]},{"id":11,"url":"https:\/\/puenter.ch\/index.php\/haus-und-hof\/","url_meta":{"origin":595,"position":2},"title":"Haus und Hof","date":"M\u00e4rz 3, 2018","format":false,"excerpt":"Wie aus dem Hofnamen B\u00e4chlen zu ahnen ist, hat es relativ viel Gew\u00e4sser was eine interessante Landschaft ergibt. Dank der extensiven Bio-Produktion \u00fcberleben viele sch\u00f6ne Pflanzen und Blumen die durch eine intensive Landwirtschaft verdr\u00e4ngt w\u00fcrden. Auf unserem Hof leben Milchk\u00fche mit Muni, Rinder und K\u00e4lber, Schafe und L\u00e4mmer, Ziegen, Schweine,\u2026","rel":"","context":"\u00c4hnlicher Beitrag","img":{"alt_text":"","src":"https:\/\/i2.wp.com\/puenter.ch\/wp-content\/uploads\/2019\/01\/P1070994.jpg?resize=350%2C200&ssl=1","width":350,"height":200},"classes":[]},{"id":399,"url":"https:\/\/puenter.ch\/index.php\/frischfleisch\/","url_meta":{"origin":595,"position":3},"title":"Frischfleisch","date":"Februar 1, 2019","format":false,"excerpt":"Ein PaketBei einem Paket wird jede verschiedene Fleischsorte in jeweils\u00a0 einen Beutel abgepackt. Wenn Sie kleinere Portionen m\u00f6chten, geben Sie die bitte im Feld \"Kleinabpackung\" so wie Sie es w\u00fcnschen an. Kalbfleischpaket Das Kalbfleisch ist in 5 kg und 10 kg Paketen erh\u00e4ltlich. Ein 5 kg Paket enth\u00e4lt: Steaks, Pl\u00e4tzli,\u2026","rel":"","context":"\u00c4hnlicher Beitrag","img":{"alt_text":"","src":"https:\/\/i2.wp.com\/puenter.ch\/wp-content\/uploads\/2019\/11\/Kalbfleischmischpaket-5-Kg-b-1-scaled.jpg?resize=350%2C200&ssl=1","width":350,"height":200},"classes":[]},{"id":9,"url":"https:\/\/puenter.ch\/index.php\/produkte\/","url_meta":{"origin":595,"position":4},"title":"Produkte","date":"M\u00e4rz 3, 2018","format":false,"excerpt":"Unsere Produkte sind Bio-Knospen zertifiziert. Alle Produkte, die auf dem Bestelltalon vorhanden sind, k\u00f6nnen Sie bestellen. Wir haben unsere Produkte grob in zwei Gruppen eingeteilt: ->Frischfleisch<- ->Trockenfleisch<- Felle Wir haben ein kleines Lager an braunen Lamm- und Schaffellen und zwei Kalbfelle zu Hause. Wenn Sie Interesse haben kontaktieren Sie uns\u2026","rel":"","context":"\u00c4hnlicher Beitrag","img":{"alt_text":"","src":"","width":0,"height":0},"classes":[]}],"_links":{"self":[{"href":"https:\/\/puenter.ch\/index.php\/wp-json\/wp\/v2\/pages\/595"}],"collection":[{"href":"https:\/\/puenter.ch\/index.php\/wp-json\/wp\/v2\/pages"}],"about":[{"href":"https:\/\/puenter.ch\/index.php\/wp-json\/wp\/v2\/types\/page"}],"author":[{"embeddable":true,"href":"https:\/\/puenter.ch\/index.php\/wp-json\/wp\/v2\/users\/2"}],"replies":[{"embeddable":true,"href":"https:\/\/puenter.ch\/index.php\/wp-json\/wp\/v2\/comments?post=595"}],"version-history":[{"count":10,"href":"https:\/\/puenter.ch\/index.php\/wp-json\/wp\/v2\/pages\/595\/revisions"}],"predecessor-version":[{"id":799,"href":"https:\/\/puenter.ch\/index.php\/wp-json\/wp\/v2\/pages\/595\/revisions\/799"}],"wp:attachment":[{"href":"https:\/\/puenter.ch\/index.php\/wp-json\/wp\/v2\/media?parent=595"}],"curies":[{"name":"wp","href":"https:\/\/api.w.org\/{rel}","templated":true}]}}