{"id":404,"date":"2019-02-01T10:21:59","date_gmt":"2019-02-01T10:21:59","guid":{"rendered":"https:\/\/puenter.ch\/?page_id=404"},"modified":"2019-02-01T20:30:37","modified_gmt":"2019-02-01T20:30:37","slug":"trockenfleisch","status":"publish","type":"page","link":"https:\/\/puenter.ch\/index.php\/trockenfleisch\/","title":{"rendered":"Trockenfleisch"},"content":{"rendered":"\n<p class=\"has-medium-font-size\">Unsere Trockenfleischspezialit\u00e4ten stellen wir auf dem Hof aus dem Fleisch unserer Tiere selber her.<br>Alle Trockenfleischprodukte sind zum roh essen. <br>Der Versand f\u00fcrs Trockenfleisch findet jeweils im Dezember statt. Tiefgefroren k\u00f6nnen Trockenfleischprodukte das ganze Jahr durch, solange Vorrat, gekauft und nach Absprache verschickt werden.<\/p>\n\n\n\n<div class=\"wp-block-media-text alignwide\"><figure class=\"wp-block-media-text__media\"><img data-attachment-id=\"424\" data-permalink=\"https:\/\/puenter.ch\/index.php\/trockenfleisch\/p1060943-2\/\" data-orig-file=\"https:\/\/puenter.ch\/wp-content\/uploads\/2019\/02\/P1060943.jpg\" data-orig-size=\"4000,3000\" data-comments-opened=\"1\" data-image-meta=\"{&quot;aperture&quot;:&quot;3.3&quot;,&quot;credit&quot;:&quot;&quot;,&quot;camera&quot;:&quot;DMC-TZ71&quot;,&quot;caption&quot;:&quot;&quot;,&quot;created_timestamp&quot;:&quot;1545415555&quot;,&quot;copyright&quot;:&quot;&quot;,&quot;focal_length&quot;:&quot;4.3&quot;,&quot;iso&quot;:&quot;400&quot;,&quot;shutter_speed&quot;:&quot;0.125&quot;,&quot;title&quot;:&quot;&quot;,&quot;orientation&quot;:&quot;1&quot;}\" data-image-title=\"P1060943\" data-image-description=\"\" data-medium-file=\"https:\/\/puenter.ch\/wp-content\/uploads\/2019\/02\/P1060943-300x225.jpg\" data-large-file=\"https:\/\/puenter.ch\/wp-content\/uploads\/2019\/02\/P1060943-1024x768.jpg\" loading=\"lazy\" width=\"1024\" height=\"768\" src=\"https:\/\/puenter.ch\/wp-content\/uploads\/2019\/02\/P1060943-1024x768.jpg\" alt=\"\" class=\"wp-image-424\" srcset=\"https:\/\/puenter.ch\/wp-content\/uploads\/2019\/02\/P1060943-1024x768.jpg 1024w, https:\/\/puenter.ch\/wp-content\/uploads\/2019\/02\/P1060943-300x225.jpg 300w, https:\/\/puenter.ch\/wp-content\/uploads\/2019\/02\/P1060943-768x576.jpg 768w, https:\/\/puenter.ch\/wp-content\/uploads\/2019\/02\/P1060943-360x270.jpg 360w\" sizes=\"(max-width: 1024px) 100vw, 1024px\" \/><\/figure><div class=\"wp-block-media-text__content\">\n<p class=\"has-medium-font-size\"><strong>Rauchsalami<\/strong><\/p>\n\n\n\n<p>Die Rauchsalami ist eine Salamie, die vier Tage ger\u00e4uchert und anschliessend an der Luft getrocknet wird. Ihre W\u00fcrze gibt einem Sontagsbrunch mit Wurst und Zopf\/Brot den perfekten Geschmack. Sie besteht aus Rind- und Schweinefleisch.<\/p>\n<\/div><\/div>\n\n\n\n<div class=\"wp-block-media-text alignwide has-media-on-the-right\" style=\"grid-template-columns:auto 61%\"><figure class=\"wp-block-media-text__media\"><img data-attachment-id=\"428\" data-permalink=\"https:\/\/puenter.ch\/index.php\/trockenfleisch\/p1060946o-kopie-2\/\" data-orig-file=\"https:\/\/puenter.ch\/wp-content\/uploads\/2019\/02\/P1060946o-Kopie-1.jpg\" data-orig-size=\"3999,2033\" data-comments-opened=\"1\" data-image-meta=\"{&quot;aperture&quot;:&quot;3.3&quot;,&quot;credit&quot;:&quot;&quot;,&quot;camera&quot;:&quot;DMC-TZ71&quot;,&quot;caption&quot;:&quot;&quot;,&quot;created_timestamp&quot;:&quot;1545415604&quot;,&quot;copyright&quot;:&quot;&quot;,&quot;focal_length&quot;:&quot;4.3&quot;,&quot;iso&quot;:&quot;400&quot;,&quot;shutter_speed&quot;:&quot;0.16666666666667&quot;,&quot;title&quot;:&quot;&quot;,&quot;orientation&quot;:&quot;1&quot;}\" data-image-title=\"P1060946o &#8211; Kopie\" data-image-description=\"\" data-medium-file=\"https:\/\/puenter.ch\/wp-content\/uploads\/2019\/02\/P1060946o-Kopie-1-300x153.jpg\" data-large-file=\"https:\/\/puenter.ch\/wp-content\/uploads\/2019\/02\/P1060946o-Kopie-1-1024x521.jpg\" loading=\"lazy\" width=\"1024\" height=\"521\" src=\"https:\/\/puenter.ch\/wp-content\/uploads\/2019\/02\/P1060946o-Kopie-1-1024x521.jpg\" alt=\"\" class=\"wp-image-428\" srcset=\"https:\/\/puenter.ch\/wp-content\/uploads\/2019\/02\/P1060946o-Kopie-1-1024x521.jpg 1024w, https:\/\/puenter.ch\/wp-content\/uploads\/2019\/02\/P1060946o-Kopie-1-300x153.jpg 300w, https:\/\/puenter.ch\/wp-content\/uploads\/2019\/02\/P1060946o-Kopie-1-768x390.jpg 768w, https:\/\/puenter.ch\/wp-content\/uploads\/2019\/02\/P1060946o-Kopie-1-531x270.jpg 531w\" sizes=\"(max-width: 1024px) 100vw, 1024px\" \/><\/figure><div class=\"wp-block-media-text__content\">\n<p class=\"has-large-font-size\"><\/p>\n<\/div><\/div>\n\n\n\n<p><br><br> <br><\/p>\n\n\n\n<div class=\"wp-block-media-text alignwide has-media-on-the-right\" style=\"grid-template-columns:auto 58%\"><figure class=\"wp-block-media-text__media\"><img data-attachment-id=\"348\" data-permalink=\"https:\/\/puenter.ch\/p1060982\/\" data-orig-file=\"https:\/\/puenter.ch\/wp-content\/uploads\/2019\/01\/P1060982.jpg\" data-orig-size=\"4000,3000\" data-comments-opened=\"1\" data-image-meta=\"{&quot;aperture&quot;:&quot;3.3&quot;,&quot;credit&quot;:&quot;&quot;,&quot;camera&quot;:&quot;DMC-TZ71&quot;,&quot;caption&quot;:&quot;&quot;,&quot;created_timestamp&quot;:&quot;1545420129&quot;,&quot;copyright&quot;:&quot;&quot;,&quot;focal_length&quot;:&quot;4.3&quot;,&quot;iso&quot;:&quot;800&quot;,&quot;shutter_speed&quot;:&quot;0.076923076923077&quot;,&quot;title&quot;:&quot;&quot;,&quot;orientation&quot;:&quot;1&quot;}\" data-image-title=\"P1060982\" data-image-description=\"\" data-medium-file=\"https:\/\/puenter.ch\/wp-content\/uploads\/2019\/01\/P1060982-300x225.jpg\" data-large-file=\"https:\/\/puenter.ch\/wp-content\/uploads\/2019\/01\/P1060982-1024x768.jpg\" loading=\"lazy\" width=\"1024\" height=\"768\" src=\"https:\/\/puenter.ch\/wp-content\/uploads\/2019\/01\/P1060982-1024x768.jpg\" alt=\"\" class=\"wp-image-348\" srcset=\"https:\/\/puenter.ch\/wp-content\/uploads\/2019\/01\/P1060982-1024x768.jpg 1024w, https:\/\/puenter.ch\/wp-content\/uploads\/2019\/01\/P1060982-300x225.jpg 300w, https:\/\/puenter.ch\/wp-content\/uploads\/2019\/01\/P1060982-768x576.jpg 768w, https:\/\/puenter.ch\/wp-content\/uploads\/2019\/01\/P1060982-360x270.jpg 360w\" sizes=\"(max-width: 1024px) 100vw, 1024px\" \/><\/figure><div class=\"wp-block-media-text__content\">\n<p class=\"has-medium-font-size\"><strong>Pfefferling<\/strong><\/p>\n\n\n\n<p>Der Pfefferling hat seine scharfen Liebhabern, welche den Pfeffer m\u00f6gen und nicht scheuen. Ein einzigartiges Produkt, welches selbst entwickelt und im Laden nicht kaufbar ist. Der Pfefferling ist wie Salami gew\u00fcrzt und Luftgetrocknet.<\/p>\n<\/div><\/div>\n\n\n\n<p><br><br><br><\/p>\n\n\n\n<div class=\"wp-block-media-text alignwide\" style=\"grid-template-columns:56% auto\"><figure class=\"wp-block-media-text__media\"><img data-attachment-id=\"331\" data-permalink=\"https:\/\/puenter.ch\/p1060930\/\" data-orig-file=\"https:\/\/puenter.ch\/wp-content\/uploads\/2019\/01\/P1060930.jpg\" data-orig-size=\"4000,3000\" data-comments-opened=\"1\" data-image-meta=\"{&quot;aperture&quot;:&quot;3.3&quot;,&quot;credit&quot;:&quot;&quot;,&quot;camera&quot;:&quot;DMC-TZ71&quot;,&quot;caption&quot;:&quot;&quot;,&quot;created_timestamp&quot;:&quot;1545414728&quot;,&quot;copyright&quot;:&quot;&quot;,&quot;focal_length&quot;:&quot;4.3&quot;,&quot;iso&quot;:&quot;400&quot;,&quot;shutter_speed&quot;:&quot;0.1&quot;,&quot;title&quot;:&quot;&quot;,&quot;orientation&quot;:&quot;1&quot;}\" data-image-title=\"P1060930\" data-image-description=\"\" data-medium-file=\"https:\/\/puenter.ch\/wp-content\/uploads\/2019\/01\/P1060930-300x225.jpg\" data-large-file=\"https:\/\/puenter.ch\/wp-content\/uploads\/2019\/01\/P1060930-1024x768.jpg\" loading=\"lazy\" width=\"1024\" height=\"768\" src=\"https:\/\/puenter.ch\/wp-content\/uploads\/2019\/01\/P1060930-1024x768.jpg\" alt=\"\" class=\"wp-image-331\" srcset=\"https:\/\/puenter.ch\/wp-content\/uploads\/2019\/01\/P1060930-1024x768.jpg 1024w, https:\/\/puenter.ch\/wp-content\/uploads\/2019\/01\/P1060930-300x225.jpg 300w, https:\/\/puenter.ch\/wp-content\/uploads\/2019\/01\/P1060930-768x576.jpg 768w, https:\/\/puenter.ch\/wp-content\/uploads\/2019\/01\/P1060930-360x270.jpg 360w\" sizes=\"(max-width: 1024px) 100vw, 1024px\" \/><\/figure><div class=\"wp-block-media-text__content\">\n<p class=\"has-medium-font-size\"><strong>Mostbr\u00f6ckli<\/strong><\/p>\n\n\n\n<p>F\u00fcr ein Mostbr\u00f6ckli wird Rindfleisch f\u00fcr drei Wochen im Salz und Gew\u00fcrz eingelegt und regelm\u00e4ssig umgeschichtet. Danach wird es drei Wochen ger\u00e4ucht und getrocknet.<br><br><\/p>\n<\/div><\/div>\n\n\n\n<p><br><br><br><\/p>\n\n\n\n<div class=\"wp-block-media-text alignwide has-media-on-the-right\" style=\"grid-template-columns:auto 64%\"><figure class=\"wp-block-media-text__media\"><img data-attachment-id=\"333\" data-permalink=\"https:\/\/puenter.ch\/p1060937\/\" data-orig-file=\"https:\/\/puenter.ch\/wp-content\/uploads\/2019\/01\/P1060937.jpg\" data-orig-size=\"4000,2354\" data-comments-opened=\"1\" data-image-meta=\"{&quot;aperture&quot;:&quot;3.3&quot;,&quot;credit&quot;:&quot;&quot;,&quot;camera&quot;:&quot;DMC-TZ71&quot;,&quot;caption&quot;:&quot;&quot;,&quot;created_timestamp&quot;:&quot;1545414975&quot;,&quot;copyright&quot;:&quot;&quot;,&quot;focal_length&quot;:&quot;4.3&quot;,&quot;iso&quot;:&quot;400&quot;,&quot;shutter_speed&quot;:&quot;0.16666666666667&quot;,&quot;title&quot;:&quot;&quot;,&quot;orientation&quot;:&quot;1&quot;}\" data-image-title=\"P1060937\" data-image-description=\"\" data-medium-file=\"https:\/\/puenter.ch\/wp-content\/uploads\/2019\/01\/P1060937-300x177.jpg\" data-large-file=\"https:\/\/puenter.ch\/wp-content\/uploads\/2019\/01\/P1060937-1024x603.jpg\" loading=\"lazy\" width=\"1024\" height=\"603\" src=\"https:\/\/puenter.ch\/wp-content\/uploads\/2019\/01\/P1060937-1024x603.jpg\" alt=\"\" class=\"wp-image-333\" srcset=\"https:\/\/puenter.ch\/wp-content\/uploads\/2019\/01\/P1060937-1024x603.jpg 1024w, https:\/\/puenter.ch\/wp-content\/uploads\/2019\/01\/P1060937-300x177.jpg 300w, https:\/\/puenter.ch\/wp-content\/uploads\/2019\/01\/P1060937-768x452.jpg 768w, https:\/\/puenter.ch\/wp-content\/uploads\/2019\/01\/P1060937-459x270.jpg 459w\" sizes=\"(max-width: 1024px) 100vw, 1024px\" \/><\/figure><div class=\"wp-block-media-text__content\">\n<p class=\"has-medium-font-size\"><strong>Rohschinken<\/strong><\/p>\n\n\n\n<p>Das Schweinefleisch f\u00fcr den Rohschinken wird zwei Wochen im Salz und Gew\u00fcrz eingelegt. Anschliessend wird das Fleisch in zwei Wochen ger\u00e4ucht und getrocknet.<\/p>\n<\/div><\/div>\n\n\n\n<p><br><br><br><\/p>\n\n\n\n<div class=\"wp-block-media-text alignwide\" style=\"grid-template-columns:45% auto\"><figure class=\"wp-block-media-text__media\"><img data-attachment-id=\"340\" data-permalink=\"https:\/\/puenter.ch\/p1060949\/\" data-orig-file=\"https:\/\/puenter.ch\/wp-content\/uploads\/2019\/01\/P1060949.jpg\" data-orig-size=\"4000,3000\" data-comments-opened=\"1\" data-image-meta=\"{&quot;aperture&quot;:&quot;3.3&quot;,&quot;credit&quot;:&quot;&quot;,&quot;camera&quot;:&quot;DMC-TZ71&quot;,&quot;caption&quot;:&quot;&quot;,&quot;created_timestamp&quot;:&quot;1545415899&quot;,&quot;copyright&quot;:&quot;&quot;,&quot;focal_length&quot;:&quot;4.3&quot;,&quot;iso&quot;:&quot;400&quot;,&quot;shutter_speed&quot;:&quot;0.125&quot;,&quot;title&quot;:&quot;&quot;,&quot;orientation&quot;:&quot;1&quot;}\" data-image-title=\"P1060949\" data-image-description=\"\" data-medium-file=\"https:\/\/puenter.ch\/wp-content\/uploads\/2019\/01\/P1060949-300x225.jpg\" data-large-file=\"https:\/\/puenter.ch\/wp-content\/uploads\/2019\/01\/P1060949-1024x768.jpg\" loading=\"lazy\" width=\"1024\" height=\"768\" src=\"https:\/\/puenter.ch\/wp-content\/uploads\/2019\/01\/P1060949-1024x768.jpg\" alt=\"\" class=\"wp-image-340\" srcset=\"https:\/\/puenter.ch\/wp-content\/uploads\/2019\/01\/P1060949-1024x768.jpg 1024w, https:\/\/puenter.ch\/wp-content\/uploads\/2019\/01\/P1060949-300x225.jpg 300w, https:\/\/puenter.ch\/wp-content\/uploads\/2019\/01\/P1060949-768x576.jpg 768w, https:\/\/puenter.ch\/wp-content\/uploads\/2019\/01\/P1060949-360x270.jpg 360w\" sizes=\"(max-width: 1024px) 100vw, 1024px\" \/><\/figure><div class=\"wp-block-media-text__content\">\n<p class=\"has-medium-font-size\"><strong>Schinkenspeck<\/strong><\/p>\n\n\n\n<p>Pro Schwein k\u00f6nnen wir nur  zwei St\u00fccke Schinkenspeck herstellen. Die Produktion verl\u00e4uft wie beim Rohschinken.<br><\/p>\n<\/div><\/div>\n\n\n\n<div class=\"wp-block-media-text alignwide has-media-on-the-right\" style=\"grid-template-columns:auto 72%\"><figure class=\"wp-block-media-text__media\"><img data-attachment-id=\"459\" data-permalink=\"https:\/\/puenter.ch\/index.php\/trockenfleisch\/p10609541-2\/\" data-orig-file=\"https:\/\/puenter.ch\/wp-content\/uploads\/2019\/02\/P10609541-1.jpg\" data-orig-size=\"3980,2054\" data-comments-opened=\"1\" data-image-meta=\"{&quot;aperture&quot;:&quot;3.3&quot;,&quot;credit&quot;:&quot;&quot;,&quot;camera&quot;:&quot;DMC-TZ71&quot;,&quot;caption&quot;:&quot;&quot;,&quot;created_timestamp&quot;:&quot;1545416033&quot;,&quot;copyright&quot;:&quot;&quot;,&quot;focal_length&quot;:&quot;4.3&quot;,&quot;iso&quot;:&quot;400&quot;,&quot;shutter_speed&quot;:&quot;0.16666666666667&quot;,&quot;title&quot;:&quot;&quot;,&quot;orientation&quot;:&quot;1&quot;}\" data-image-title=\"Schinkenspeck\" data-image-description=\"\" data-medium-file=\"https:\/\/puenter.ch\/wp-content\/uploads\/2019\/02\/P10609541-1-300x155.jpg\" data-large-file=\"https:\/\/puenter.ch\/wp-content\/uploads\/2019\/02\/P10609541-1-1024x528.jpg\" loading=\"lazy\" width=\"1024\" height=\"528\" src=\"https:\/\/puenter.ch\/wp-content\/uploads\/2019\/02\/P10609541-1-1024x528.jpg\" alt=\"\" class=\"wp-image-459\" srcset=\"https:\/\/puenter.ch\/wp-content\/uploads\/2019\/02\/P10609541-1-1024x528.jpg 1024w, https:\/\/puenter.ch\/wp-content\/uploads\/2019\/02\/P10609541-1-300x155.jpg 300w, https:\/\/puenter.ch\/wp-content\/uploads\/2019\/02\/P10609541-1-768x396.jpg 768w, https:\/\/puenter.ch\/wp-content\/uploads\/2019\/02\/P10609541-1-523x270.jpg 523w\" sizes=\"(max-width: 1024px) 100vw, 1024px\" \/><\/figure><div class=\"wp-block-media-text__content\">\n<p class=\"has-large-font-size\"><\/p>\n<\/div><\/div>\n\n\n\n<p><br><br><br><\/p>\n\n\n\n<div class=\"wp-block-media-text alignwide\" style=\"grid-template-columns:61% auto\"><figure class=\"wp-block-media-text__media\"><img data-attachment-id=\"343\" data-permalink=\"https:\/\/puenter.ch\/p1060965\/\" data-orig-file=\"https:\/\/puenter.ch\/wp-content\/uploads\/2019\/01\/P1060965.jpg\" data-orig-size=\"4000,3000\" data-comments-opened=\"1\" data-image-meta=\"{&quot;aperture&quot;:&quot;3.3&quot;,&quot;credit&quot;:&quot;&quot;,&quot;camera&quot;:&quot;DMC-TZ71&quot;,&quot;caption&quot;:&quot;&quot;,&quot;created_timestamp&quot;:&quot;1545416452&quot;,&quot;copyright&quot;:&quot;&quot;,&quot;focal_length&quot;:&quot;4.3&quot;,&quot;iso&quot;:&quot;400&quot;,&quot;shutter_speed&quot;:&quot;0.125&quot;,&quot;title&quot;:&quot;&quot;,&quot;orientation&quot;:&quot;1&quot;}\" data-image-title=\"P1060965\" data-image-description=\"\" data-medium-file=\"https:\/\/puenter.ch\/wp-content\/uploads\/2019\/01\/P1060965-300x225.jpg\" data-large-file=\"https:\/\/puenter.ch\/wp-content\/uploads\/2019\/01\/P1060965-1024x768.jpg\" loading=\"lazy\" width=\"1024\" height=\"768\" src=\"https:\/\/puenter.ch\/wp-content\/uploads\/2019\/01\/P1060965-1024x768.jpg\" alt=\"\" class=\"wp-image-343\" srcset=\"https:\/\/puenter.ch\/wp-content\/uploads\/2019\/01\/P1060965-1024x768.jpg 1024w, https:\/\/puenter.ch\/wp-content\/uploads\/2019\/01\/P1060965-300x225.jpg 300w, https:\/\/puenter.ch\/wp-content\/uploads\/2019\/01\/P1060965-768x576.jpg 768w, https:\/\/puenter.ch\/wp-content\/uploads\/2019\/01\/P1060965-360x270.jpg 360w\" sizes=\"(max-width: 1024px) 100vw, 1024px\" \/><\/figure><div class=\"wp-block-media-text__content\">\n<p class=\"has-medium-font-size\"><strong>Rohessspeck<\/strong><\/p>\n\n\n\n<p>Der Rohessspeckt wird wie der Rohschinken und Schinkenspeck eingesalzen, ger\u00e4ucht und getrocknet. Unser Rohessspeck ist Knorbelfrei.<br><\/p>\n<\/div><\/div>\n\n\n\n<p><br><br><br><\/p>\n\n\n\n<div class=\"wp-block-media-text alignwide has-media-on-the-right\" style=\"grid-template-columns:auto 53%\"><figure class=\"wp-block-media-text__media\"><img data-attachment-id=\"335\" data-permalink=\"https:\/\/puenter.ch\/p1060939\/\" data-orig-file=\"https:\/\/puenter.ch\/wp-content\/uploads\/2019\/01\/P1060939.jpg\" data-orig-size=\"4000,3000\" data-comments-opened=\"1\" data-image-meta=\"{&quot;aperture&quot;:&quot;3.3&quot;,&quot;credit&quot;:&quot;&quot;,&quot;camera&quot;:&quot;DMC-TZ71&quot;,&quot;caption&quot;:&quot;&quot;,&quot;created_timestamp&quot;:&quot;1545415277&quot;,&quot;copyright&quot;:&quot;&quot;,&quot;focal_length&quot;:&quot;4.3&quot;,&quot;iso&quot;:&quot;400&quot;,&quot;shutter_speed&quot;:&quot;0.1&quot;,&quot;title&quot;:&quot;&quot;,&quot;orientation&quot;:&quot;1&quot;}\" data-image-title=\"P1060939\" data-image-description=\"\" data-medium-file=\"https:\/\/puenter.ch\/wp-content\/uploads\/2019\/01\/P1060939-300x225.jpg\" data-large-file=\"https:\/\/puenter.ch\/wp-content\/uploads\/2019\/01\/P1060939-1024x768.jpg\" loading=\"lazy\" width=\"1024\" height=\"768\" src=\"https:\/\/puenter.ch\/wp-content\/uploads\/2019\/01\/P1060939-1024x768.jpg\" alt=\"\" class=\"wp-image-335\" srcset=\"https:\/\/puenter.ch\/wp-content\/uploads\/2019\/01\/P1060939-1024x768.jpg 1024w, https:\/\/puenter.ch\/wp-content\/uploads\/2019\/01\/P1060939-300x225.jpg 300w, https:\/\/puenter.ch\/wp-content\/uploads\/2019\/01\/P1060939-768x576.jpg 768w, https:\/\/puenter.ch\/wp-content\/uploads\/2019\/01\/P1060939-360x270.jpg 360w\" sizes=\"(max-width: 1024px) 100vw, 1024px\" \/><\/figure><div class=\"wp-block-media-text__content\">\n<p class=\"has-medium-font-size\"><strong>Kellerschinken<\/strong><\/p>\n\n\n\n<p>Der Kellerschinken wird aus dem Schweinehals hergestellt. Wir salzen und w\u00fcrzen ihn w\u00e4hrend zwei Wochen. Im gegensatz zu den anderen Schweinefleischtrocken-produkte wird er danach im Edelschimmel im Keller gereift und anschliessend luftgetrocknet.<br><\/p>\n<\/div><\/div>\n\n\n\n<p><br><br><\/p>\n\n\n\n<figure class=\"wp-block-image\"><img data-attachment-id=\"350\" data-permalink=\"https:\/\/puenter.ch\/p1060985\/\" data-orig-file=\"https:\/\/puenter.ch\/wp-content\/uploads\/2019\/01\/P1060985.jpg\" data-orig-size=\"4000,3000\" data-comments-opened=\"1\" data-image-meta=\"{&quot;aperture&quot;:&quot;3.3&quot;,&quot;credit&quot;:&quot;&quot;,&quot;camera&quot;:&quot;DMC-TZ71&quot;,&quot;caption&quot;:&quot;&quot;,&quot;created_timestamp&quot;:&quot;1545420387&quot;,&quot;copyright&quot;:&quot;&quot;,&quot;focal_length&quot;:&quot;4.3&quot;,&quot;iso&quot;:&quot;400&quot;,&quot;shutter_speed&quot;:&quot;0.2&quot;,&quot;title&quot;:&quot;&quot;,&quot;orientation&quot;:&quot;1&quot;}\" data-image-title=\"P1060985\" data-image-description=\"\" data-medium-file=\"https:\/\/puenter.ch\/wp-content\/uploads\/2019\/01\/P1060985-300x225.jpg\" data-large-file=\"https:\/\/puenter.ch\/wp-content\/uploads\/2019\/01\/P1060985-1024x768.jpg\" loading=\"lazy\" width=\"1024\" height=\"768\" src=\"https:\/\/puenter.ch\/wp-content\/uploads\/2019\/01\/P1060985-1024x768.jpg\" alt=\"\" class=\"wp-image-350\" srcset=\"https:\/\/puenter.ch\/wp-content\/uploads\/2019\/01\/P1060985-1024x768.jpg 1024w, https:\/\/puenter.ch\/wp-content\/uploads\/2019\/01\/P1060985-300x225.jpg 300w, https:\/\/puenter.ch\/wp-content\/uploads\/2019\/01\/P1060985-768x576.jpg 768w, https:\/\/puenter.ch\/wp-content\/uploads\/2019\/01\/P1060985-360x270.jpg 360w\" sizes=\"(max-width: 1024px) 100vw, 1024px\" \/><\/figure>\n\n\n\n<p style=\"text-align:center\"><strong>en Guet\u00e4!<\/strong><\/p>\n\n\n\n<p style=\"color:#1604e6\" class=\"has-text-color\"><a href=\"https:\/\/puenter.ch\/index.php\/bestellen\/\"><strong>->Bestelltalon&lt;-<\/strong><\/a><\/p>\n\n\n\n<p style=\"color:#ce0202\" class=\"has-text-color\"><a href=\"https:\/\/puenter.ch\/index.php\/frischfleisch\/\"><strong>->Frischfleisch&lt;-<\/strong><\/a><\/p>\n","protected":false},"excerpt":{"rendered":"<p>Unsere Trockenfleischspezialit\u00e4ten stellen wir auf dem Hof aus dem Fleisch unserer Tiere selber her.Alle Trockenfleischprodukte sind zum roh essen. Der Versand f\u00fcrs Trockenfleisch findet jeweils im Dezember statt. Tiefgefroren k\u00f6nnen Trockenfleischprodukte das ganze Jahr durch, solange Vorrat, gekauft und nach Absprache verschickt werden. Rauchsalami Die Rauchsalami ist eine Salamie, die vier Tage ger\u00e4uchert und anschliessend an der Luft getrocknet wird. Ihre W\u00fcrze gibt einem Sontagsbrunch mit Wurst und Zopf\/Brot den perfekten Geschmack. Sie besteht aus Rind- und Schweinefleisch. Pfefferling Der&#8230;<\/p>\n<p class=\"read-more\"><a class=\"btn btn-default\" href=\"https:\/\/puenter.ch\/index.php\/trockenfleisch\/\">Weiterlesen<span class=\"screen-reader-text\"> Weiterlesen<\/span><\/a><\/p>\n","protected":false},"author":2,"featured_media":0,"parent":0,"menu_order":0,"comment_status":"closed","ping_status":"closed","template":"","meta":{"spay_email":""},"jetpack_sharing_enabled":true,"jetpack_shortlink":"https:\/\/wp.me\/PauNxH-6w","jetpack-related-posts":[{"id":518,"url":"https:\/\/puenter.ch\/index.php\/unsere-tiere\/","url_meta":{"origin":404,"position":0},"title":"Unsere Tiere","date":"Februar 16, 2019","format":false,"excerpt":"Unsere drei Hunde Momo, Bagira und Fynn bewachen den Hof und im Sommer helfen sie das Vieh zu sammeln und einzutreiben. Unsere H\u00fchner. Der Laufentenauslauf verl\u00e4uft rund um den ganzen Garten. Die Enten dienen somit zus\u00e4tzlich als biologische Schneckensperre vom Grasland zum Garten. Die kleinen L\u00e4mmer geniessen die Fr\u00fchlingssonne im\u2026","rel":"","context":"\u00c4hnlicher Beitrag","img":{"alt_text":"","src":"https:\/\/i0.wp.com\/puenter.ch\/wp-content\/uploads\/2019\/02\/P1060976.jpg?resize=350%2C200&ssl=1","width":350,"height":200},"classes":[]},{"id":11,"url":"https:\/\/puenter.ch\/index.php\/haus-und-hof\/","url_meta":{"origin":404,"position":1},"title":"Haus und Hof","date":"M\u00e4rz 3, 2018","format":false,"excerpt":"Wie aus dem Hofnamen B\u00e4chlen zu ahnen ist, hat es relativ viel Gew\u00e4sser was eine interessante Landschaft ergibt. Dank der extensiven Bio-Produktion \u00fcberleben viele sch\u00f6ne Pflanzen und Blumen die durch eine intensive Landwirtschaft verdr\u00e4ngt w\u00fcrden. Auf unserem Hof leben Milchk\u00fche mit Muni, Rinder und K\u00e4lber, Schafe und L\u00e4mmer, Ziegen, Schweine,\u2026","rel":"","context":"\u00c4hnlicher Beitrag","img":{"alt_text":"","src":"https:\/\/i2.wp.com\/puenter.ch\/wp-content\/uploads\/2019\/01\/P1070994.jpg?resize=350%2C200&ssl=1","width":350,"height":200},"classes":[]},{"id":399,"url":"https:\/\/puenter.ch\/index.php\/frischfleisch\/","url_meta":{"origin":404,"position":2},"title":"Frischfleisch","date":"Februar 1, 2019","format":false,"excerpt":"Ein PaketBei einem Paket wird jede verschiedene Fleischsorte in jeweils\u00a0 einen Beutel abgepackt. Wenn Sie kleinere Portionen m\u00f6chten, geben Sie die bitte im Feld \"Kleinabpackung\" so wie Sie es w\u00fcnschen an. Kalbfleischpaket Das Kalbfleisch ist in 5 kg und 10 kg Paketen erh\u00e4ltlich. Ein 5 kg Paket enth\u00e4lt: Steaks, Pl\u00e4tzli,\u2026","rel":"","context":"\u00c4hnlicher Beitrag","img":{"alt_text":"","src":"https:\/\/i2.wp.com\/puenter.ch\/wp-content\/uploads\/2019\/11\/Kalbfleischmischpaket-5-Kg-b-1-scaled.jpg?resize=350%2C200&ssl=1","width":350,"height":200},"classes":[]},{"id":9,"url":"https:\/\/puenter.ch\/index.php\/produkte\/","url_meta":{"origin":404,"position":3},"title":"Produkte","date":"M\u00e4rz 3, 2018","format":false,"excerpt":"Unsere Produkte sind Bio-Knospen zertifiziert. Alle Produkte, die auf dem Bestelltalon vorhanden sind, k\u00f6nnen Sie bestellen. Wir haben unsere Produkte grob in zwei Gruppen eingeteilt: ->Frischfleisch<- ->Trockenfleisch<- Felle Wir haben ein kleines Lager an braunen Lamm- und Schaffellen und zwei Kalbfelle zu Hause. Wenn Sie Interesse haben kontaktieren Sie uns\u2026","rel":"","context":"\u00c4hnlicher Beitrag","img":{"alt_text":"","src":"","width":0,"height":0},"classes":[]},{"id":595,"url":"https:\/\/puenter.ch\/index.php\/wildtiere\/","url_meta":{"origin":404,"position":4},"title":"Wildtiere","date":"M\u00e4rz 4, 2019","format":false,"excerpt":"Insgesamt 14 G\u00e4msen besuchte regelm\u00e4ssig die Weide direkt oberhalb des Hofes. Als der Schnee kam, waren die Amseln froh um die h\u00e4ngen gebliebenen \u00c4pfeln.","rel":"","context":"\u00c4hnlicher Beitrag","img":{"alt_text":"","src":"https:\/\/i0.wp.com\/puenter.ch\/wp-content\/uploads\/2019\/03\/P1080791.jpg?resize=350%2C200&ssl=1","width":350,"height":200},"classes":[]},{"id":2,"url":"https:\/\/puenter.ch\/index.php\/sample-page\/","url_meta":{"origin":404,"position":5},"title":"Home","date":"M\u00e4rz 3, 2018","format":false,"excerpt":"Herzlich Willkommen auf der Website der Familie P\u00fcnter!","rel":"","context":"\u00c4hnlicher Beitrag","img":{"alt_text":"","src":"","width":0,"height":0},"classes":[]}],"_links":{"self":[{"href":"https:\/\/puenter.ch\/index.php\/wp-json\/wp\/v2\/pages\/404"}],"collection":[{"href":"https:\/\/puenter.ch\/index.php\/wp-json\/wp\/v2\/pages"}],"about":[{"href":"https:\/\/puenter.ch\/index.php\/wp-json\/wp\/v2\/types\/page"}],"author":[{"embeddable":true,"href":"https:\/\/puenter.ch\/index.php\/wp-json\/wp\/v2\/users\/2"}],"replies":[{"embeddable":true,"href":"https:\/\/puenter.ch\/index.php\/wp-json\/wp\/v2\/comments?post=404"}],"version-history":[{"count":28,"href":"https:\/\/puenter.ch\/index.php\/wp-json\/wp\/v2\/pages\/404\/revisions"}],"predecessor-version":[{"id":498,"href":"https:\/\/puenter.ch\/index.php\/wp-json\/wp\/v2\/pages\/404\/revisions\/498"}],"wp:attachment":[{"href":"https:\/\/puenter.ch\/index.php\/wp-json\/wp\/v2\/media?parent=404"}],"curies":[{"name":"wp","href":"https:\/\/api.w.org\/{rel}","templated":true}]}}