{"id":399,"date":"2019-02-01T10:20:08","date_gmt":"2019-02-01T10:20:08","guid":{"rendered":"https:\/\/puenter.ch\/?page_id=399"},"modified":"2019-11-22T10:29:15","modified_gmt":"2019-11-22T10:29:15","slug":"frischfleisch","status":"publish","type":"page","link":"https:\/\/puenter.ch\/index.php\/frischfleisch\/","title":{"rendered":"Frischfleisch"},"content":{"rendered":"\n<p><strong>Ein Paket<br><\/strong>Bei einem Paket wird jede verschiedene Fleischsorte in jeweils&nbsp; einen Beutel abgepackt. Wenn Sie kleinere Portionen m\u00f6chten, geben Sie die bitte im Feld &#8222;Kleinabpackung&#8220; so wie Sie es w\u00fcnschen an.  <br><br><br><\/p>\n\n\n\n<p style=\"font-size:18px\"><strong>Kalbfleischpaket<\/strong><br><br> Das Kalbfleisch ist in 5 kg und 10 kg Paketen erh\u00e4ltlich.  <\/p>\n\n\n\n<p><\/p>\n\n\n\n<div class=\"wp-block-media-text alignwide has-media-on-the-right\" style=\"grid-template-columns:auto 62%\"><figure class=\"wp-block-media-text__media\"><img data-attachment-id=\"788\" data-permalink=\"https:\/\/puenter.ch\/index.php\/frischfleisch\/kalbfleischmischpaket-5-kg-b-1\/\" data-orig-file=\"https:\/\/puenter.ch\/wp-content\/uploads\/2019\/11\/Kalbfleischmischpaket-5-Kg-b-1-scaled.jpg\" data-orig-size=\"2560,1920\" data-comments-opened=\"1\" data-image-meta=\"{&quot;aperture&quot;:&quot;3.3&quot;,&quot;credit&quot;:&quot;&quot;,&quot;camera&quot;:&quot;DMC-TZ71&quot;,&quot;caption&quot;:&quot;&quot;,&quot;created_timestamp&quot;:&quot;1553446847&quot;,&quot;copyright&quot;:&quot;&quot;,&quot;focal_length&quot;:&quot;4.3&quot;,&quot;iso&quot;:&quot;800&quot;,&quot;shutter_speed&quot;:&quot;0.016666666666667&quot;,&quot;title&quot;:&quot;&quot;,&quot;orientation&quot;:&quot;1&quot;}\" data-image-title=\"Kalbfleischmischpaket-5-Kg-b-1\" data-image-description=\"\" data-medium-file=\"https:\/\/puenter.ch\/wp-content\/uploads\/2019\/11\/Kalbfleischmischpaket-5-Kg-b-1-300x225.jpg\" data-large-file=\"https:\/\/puenter.ch\/wp-content\/uploads\/2019\/11\/Kalbfleischmischpaket-5-Kg-b-1-1024x768.jpg\" loading=\"lazy\" width=\"1024\" height=\"768\" src=\"https:\/\/puenter.ch\/wp-content\/uploads\/2019\/11\/Kalbfleischmischpaket-5-Kg-b-1-1024x768.jpg\" alt=\"\" class=\"wp-image-788\" srcset=\"https:\/\/puenter.ch\/wp-content\/uploads\/2019\/11\/Kalbfleischmischpaket-5-Kg-b-1-1024x768.jpg 1024w, https:\/\/puenter.ch\/wp-content\/uploads\/2019\/11\/Kalbfleischmischpaket-5-Kg-b-1-300x225.jpg 300w, https:\/\/puenter.ch\/wp-content\/uploads\/2019\/11\/Kalbfleischmischpaket-5-Kg-b-1-768x576.jpg 768w, https:\/\/puenter.ch\/wp-content\/uploads\/2019\/11\/Kalbfleischmischpaket-5-Kg-b-1-1536x1152.jpg 1536w, https:\/\/puenter.ch\/wp-content\/uploads\/2019\/11\/Kalbfleischmischpaket-5-Kg-b-1-2048x1536.jpg 2048w, https:\/\/puenter.ch\/wp-content\/uploads\/2019\/11\/Kalbfleischmischpaket-5-Kg-b-1-360x270.jpg 360w\" sizes=\"(max-width: 1024px) 100vw, 1024px\" \/><\/figure><div class=\"wp-block-media-text__content\">\n<p style=\"font-size:18px\"> Ein 5 kg Paket enth\u00e4lt: <br>Steaks, Pl\u00e4tzli, Geschnetzeltes, Ragout, Leber, Haxen, Gehacktes und Kalbsbratw\u00fcrste.  <\/p>\n<\/div><\/div>\n\n\n\n<p> <\/p>\n\n\n\n<div class=\"wp-block-media-text alignwide\" style=\"grid-template-columns:59% auto\"><figure class=\"wp-block-media-text__media\"><img data-attachment-id=\"787\" data-permalink=\"https:\/\/puenter.ch\/index.php\/frischfleisch\/kalbfleischmischpaket-10-kg-b-1\/\" data-orig-file=\"https:\/\/puenter.ch\/wp-content\/uploads\/2019\/11\/Kalbfleischmischpaket-10-Kg-b-1-scaled.jpg\" data-orig-size=\"2560,1920\" data-comments-opened=\"1\" data-image-meta=\"{&quot;aperture&quot;:&quot;3.3&quot;,&quot;credit&quot;:&quot;&quot;,&quot;camera&quot;:&quot;DMC-TZ71&quot;,&quot;caption&quot;:&quot;&quot;,&quot;created_timestamp&quot;:&quot;1553455576&quot;,&quot;copyright&quot;:&quot;&quot;,&quot;focal_length&quot;:&quot;4.3&quot;,&quot;iso&quot;:&quot;800&quot;,&quot;shutter_speed&quot;:&quot;0.02&quot;,&quot;title&quot;:&quot;&quot;,&quot;orientation&quot;:&quot;1&quot;}\" data-image-title=\"Kalbfleischmischpaket-10-Kg-b-1\" data-image-description=\"\" data-medium-file=\"https:\/\/puenter.ch\/wp-content\/uploads\/2019\/11\/Kalbfleischmischpaket-10-Kg-b-1-300x225.jpg\" data-large-file=\"https:\/\/puenter.ch\/wp-content\/uploads\/2019\/11\/Kalbfleischmischpaket-10-Kg-b-1-1024x768.jpg\" loading=\"lazy\" width=\"1024\" height=\"768\" src=\"https:\/\/puenter.ch\/wp-content\/uploads\/2019\/11\/Kalbfleischmischpaket-10-Kg-b-1-1024x768.jpg\" alt=\"\" class=\"wp-image-787\" srcset=\"https:\/\/puenter.ch\/wp-content\/uploads\/2019\/11\/Kalbfleischmischpaket-10-Kg-b-1-1024x768.jpg 1024w, https:\/\/puenter.ch\/wp-content\/uploads\/2019\/11\/Kalbfleischmischpaket-10-Kg-b-1-300x225.jpg 300w, https:\/\/puenter.ch\/wp-content\/uploads\/2019\/11\/Kalbfleischmischpaket-10-Kg-b-1-768x576.jpg 768w, https:\/\/puenter.ch\/wp-content\/uploads\/2019\/11\/Kalbfleischmischpaket-10-Kg-b-1-1536x1152.jpg 1536w, https:\/\/puenter.ch\/wp-content\/uploads\/2019\/11\/Kalbfleischmischpaket-10-Kg-b-1-2048x1536.jpg 2048w, https:\/\/puenter.ch\/wp-content\/uploads\/2019\/11\/Kalbfleischmischpaket-10-Kg-b-1-360x270.jpg 360w\" sizes=\"(max-width: 1024px) 100vw, 1024px\" \/><\/figure><div class=\"wp-block-media-text__content\">\n<p style=\"font-size:18px\">  Ein 10 kg Paket enth\u00e4lt: Filet, Huft, Steaks, Leber, Pl\u00e4tzli,   Braten-Pl\u00e4tzli, Geschnetzeltes, Ragout, Braten, Haxen, Gehacktes und   Kalbsbratw\u00fcrste.  <\/p>\n<\/div><\/div>\n\n\n\n<p><br><\/p>\n\n\n\n<p><strong>Jungrindfleischpaket<\/strong><\/p>\n\n\n\n<p>Unser Jungrindfleischpaket bieten wir in den gewohnten 5kg und 10 kg Paketen an. Das Siedfleisch k\u00f6nnen wir auf Wunsch auch als Hackfleisch liefern.<\/p>\n\n\n\n<p>Ein 5kg Paket enth\u00e4lt: Entrecotes, Pl\u00e4tzli \u00e0 la minute, Geschnetzeltes, Ragout, Siedfleisch und Hackfleisch.<\/p>\n\n\n\n<div class=\"wp-block-media-text alignwide\" style=\"grid-template-columns:60% auto\"><figure class=\"wp-block-media-text__media\"><img data-attachment-id=\"411\" data-permalink=\"https:\/\/puenter.ch\/index.php\/frischfleisch\/p1060923\/\" data-orig-file=\"https:\/\/puenter.ch\/wp-content\/uploads\/2019\/02\/P1060923.jpg\" data-orig-size=\"4000,3000\" data-comments-opened=\"1\" data-image-meta=\"{&quot;aperture&quot;:&quot;3.3&quot;,&quot;credit&quot;:&quot;&quot;,&quot;camera&quot;:&quot;DMC-TZ71&quot;,&quot;caption&quot;:&quot;&quot;,&quot;created_timestamp&quot;:&quot;1544983950&quot;,&quot;copyright&quot;:&quot;&quot;,&quot;focal_length&quot;:&quot;4.3&quot;,&quot;iso&quot;:&quot;1600&quot;,&quot;shutter_speed&quot;:&quot;0.066666666666667&quot;,&quot;title&quot;:&quot;&quot;,&quot;orientation&quot;:&quot;1&quot;}\" data-image-title=\"P1060923\" data-image-description=\"\" data-medium-file=\"https:\/\/puenter.ch\/wp-content\/uploads\/2019\/02\/P1060923-300x225.jpg\" data-large-file=\"https:\/\/puenter.ch\/wp-content\/uploads\/2019\/02\/P1060923-1024x768.jpg\" loading=\"lazy\" width=\"1024\" height=\"768\" src=\"https:\/\/puenter.ch\/wp-content\/uploads\/2019\/02\/P1060923-1024x768.jpg\" alt=\"\" class=\"wp-image-411\" srcset=\"https:\/\/puenter.ch\/wp-content\/uploads\/2019\/02\/P1060923-1024x768.jpg 1024w, https:\/\/puenter.ch\/wp-content\/uploads\/2019\/02\/P1060923-300x225.jpg 300w, https:\/\/puenter.ch\/wp-content\/uploads\/2019\/02\/P1060923-768x576.jpg 768w, https:\/\/puenter.ch\/wp-content\/uploads\/2019\/02\/P1060923-360x270.jpg 360w\" sizes=\"(max-width: 1024px) 100vw, 1024px\" \/><\/figure><div class=\"wp-block-media-text__content\">\n<p class=\"has-text-align-left\"> Ein 10kg Paket enth\u00e4lt: Filet, Pl\u00e4tzli \u00e0 la minute, Geschnetzeltes, Saftpl\u00e4tzli, Ragout, Braten, Siedfleisch und Hackfleisch. <\/p>\n<\/div><\/div>\n\n\n\n<p><br><\/p>\n\n\n\n<p><br><strong>Grillpaket<br><\/strong>Das Grillpaket wird im Mai produziert, ist dann frisch und sp\u00e4ter tiefgefroren erh\u00e4ltich , solange Vorrat.<\/p>\n\n\n\n<div class=\"wp-block-media-text alignwide has-media-on-the-right\"><figure class=\"wp-block-media-text__media\"><img data-attachment-id=\"121\" data-permalink=\"https:\/\/puenter.ch\/index.php\/produkte\/13164363_1713128685596430_798102656364185547_n\/\" data-orig-file=\"https:\/\/puenter.ch\/wp-content\/uploads\/2018\/05\/13164363_1713128685596430_798102656364185547_n.jpg\" data-orig-size=\"960,720\" data-comments-opened=\"1\" data-image-meta=\"{&quot;aperture&quot;:&quot;0&quot;,&quot;credit&quot;:&quot;&quot;,&quot;camera&quot;:&quot;&quot;,&quot;caption&quot;:&quot;&quot;,&quot;created_timestamp&quot;:&quot;0&quot;,&quot;copyright&quot;:&quot;&quot;,&quot;focal_length&quot;:&quot;0&quot;,&quot;iso&quot;:&quot;0&quot;,&quot;shutter_speed&quot;:&quot;0&quot;,&quot;title&quot;:&quot;&quot;,&quot;orientation&quot;:&quot;0&quot;}\" data-image-title=\"13164363_1713128685596430_798102656364185547_n\" data-image-description=\"\" data-medium-file=\"https:\/\/puenter.ch\/wp-content\/uploads\/2018\/05\/13164363_1713128685596430_798102656364185547_n-300x225.jpg\" data-large-file=\"https:\/\/puenter.ch\/wp-content\/uploads\/2018\/05\/13164363_1713128685596430_798102656364185547_n.jpg\" loading=\"lazy\" width=\"300\" height=\"225\" src=\"https:\/\/puenter.ch\/wp-content\/uploads\/2018\/05\/13164363_1713128685596430_798102656364185547_n-300x225.jpg\" alt=\"\" class=\"wp-image-121\" srcset=\"https:\/\/puenter.ch\/wp-content\/uploads\/2018\/05\/13164363_1713128685596430_798102656364185547_n-300x225.jpg 300w, https:\/\/puenter.ch\/wp-content\/uploads\/2018\/05\/13164363_1713128685596430_798102656364185547_n-768x576.jpg 768w, https:\/\/puenter.ch\/wp-content\/uploads\/2018\/05\/13164363_1713128685596430_798102656364185547_n-360x270.jpg 360w, https:\/\/puenter.ch\/wp-content\/uploads\/2018\/05\/13164363_1713128685596430_798102656364185547_n.jpg 960w\" sizes=\"(max-width: 300px) 100vw, 300px\" \/><\/figure><div class=\"wp-block-media-text__content\">\n<p>\nEin Grillpaket enth\u00e4lt: Koteletts, Pl\u00e4tzli, Schweinsbratw\u00fcrste und \nHamburger, alles was das Herz begehrt f\u00fcr ein feines Grillfest.\n\n<\/p>\n<\/div><\/div>\n\n\n\n<p> <br><\/p>\n\n\n\n<p><strong>Schweinefleischmischpaket<\/strong><\/p>\n\n\n\n<p>Das Schweinefleischpaket bieten wir jeweils im Herbst an. Im Gegensatz zum Grillpaket beinhaltet es auch Fleischsorten die sich zum schmoren eignen. Wir bieten das Fleisch in 5-kg und 10kg Paketen an<\/p>\n\n\n\n<div class=\"wp-block-media-text alignwide has-media-on-the-right\"><figure class=\"wp-block-media-text__media\"><img data-attachment-id=\"415\" data-permalink=\"https:\/\/puenter.ch\/index.php\/frischfleisch\/p1060914\/\" data-orig-file=\"https:\/\/puenter.ch\/wp-content\/uploads\/2019\/02\/P1060914.jpg\" data-orig-size=\"4000,3000\" data-comments-opened=\"1\" data-image-meta=\"{&quot;aperture&quot;:&quot;3.3&quot;,&quot;credit&quot;:&quot;&quot;,&quot;camera&quot;:&quot;DMC-TZ71&quot;,&quot;caption&quot;:&quot;&quot;,&quot;created_timestamp&quot;:&quot;1539529035&quot;,&quot;copyright&quot;:&quot;&quot;,&quot;focal_length&quot;:&quot;4.3&quot;,&quot;iso&quot;:&quot;400&quot;,&quot;shutter_speed&quot;:&quot;0.066666666666667&quot;,&quot;title&quot;:&quot;&quot;,&quot;orientation&quot;:&quot;1&quot;}\" data-image-title=\"P1060914\" data-image-description=\"\" data-medium-file=\"https:\/\/puenter.ch\/wp-content\/uploads\/2019\/02\/P1060914-300x225.jpg\" data-large-file=\"https:\/\/puenter.ch\/wp-content\/uploads\/2019\/02\/P1060914-1024x768.jpg\" loading=\"lazy\" width=\"1024\" height=\"768\" src=\"https:\/\/puenter.ch\/wp-content\/uploads\/2019\/02\/P1060914-1024x768.jpg\" alt=\"\" class=\"wp-image-415\" srcset=\"https:\/\/puenter.ch\/wp-content\/uploads\/2019\/02\/P1060914-1024x768.jpg 1024w, https:\/\/puenter.ch\/wp-content\/uploads\/2019\/02\/P1060914-300x225.jpg 300w, https:\/\/puenter.ch\/wp-content\/uploads\/2019\/02\/P1060914-768x576.jpg 768w, https:\/\/puenter.ch\/wp-content\/uploads\/2019\/02\/P1060914-360x270.jpg 360w\" sizes=\"(max-width: 1024px) 100vw, 1024px\" \/><\/figure><div class=\"wp-block-media-text__content\">\n<p> Ein 5kg Paket enth\u00e4lt: Steak, Halspl\u00e4tzli, Pl\u00e4tzli, Geschnetzeltes, Kotlett, Bratw\u00fcrste, Ragout, Haxen, Hackfleisch. <\/p>\n<\/div><\/div>\n\n\n\n<div class=\"wp-block-media-text alignwide\" style=\"grid-template-columns:56% auto\"><figure class=\"wp-block-media-text__media\"><img data-attachment-id=\"417\" data-permalink=\"https:\/\/puenter.ch\/index.php\/frischfleisch\/p1060917-2\/\" data-orig-file=\"https:\/\/puenter.ch\/wp-content\/uploads\/2019\/02\/P1060917-1.jpg\" data-orig-size=\"4000,3000\" data-comments-opened=\"1\" data-image-meta=\"{&quot;aperture&quot;:&quot;3.3&quot;,&quot;credit&quot;:&quot;&quot;,&quot;camera&quot;:&quot;DMC-TZ71&quot;,&quot;caption&quot;:&quot;&quot;,&quot;created_timestamp&quot;:&quot;1539533176&quot;,&quot;copyright&quot;:&quot;&quot;,&quot;focal_length&quot;:&quot;4.3&quot;,&quot;iso&quot;:&quot;400&quot;,&quot;shutter_speed&quot;:&quot;0.076923076923077&quot;,&quot;title&quot;:&quot;&quot;,&quot;orientation&quot;:&quot;1&quot;}\" data-image-title=\"P1060917\" data-image-description=\"\" data-medium-file=\"https:\/\/puenter.ch\/wp-content\/uploads\/2019\/02\/P1060917-1-300x225.jpg\" data-large-file=\"https:\/\/puenter.ch\/wp-content\/uploads\/2019\/02\/P1060917-1-1024x768.jpg\" loading=\"lazy\" width=\"1024\" height=\"768\" src=\"https:\/\/puenter.ch\/wp-content\/uploads\/2019\/02\/P1060917-1-1024x768.jpg\" alt=\"\" class=\"wp-image-417\" srcset=\"https:\/\/puenter.ch\/wp-content\/uploads\/2019\/02\/P1060917-1-1024x768.jpg 1024w, https:\/\/puenter.ch\/wp-content\/uploads\/2019\/02\/P1060917-1-300x225.jpg 300w, https:\/\/puenter.ch\/wp-content\/uploads\/2019\/02\/P1060917-1-768x576.jpg 768w, https:\/\/puenter.ch\/wp-content\/uploads\/2019\/02\/P1060917-1-360x270.jpg 360w\" sizes=\"(max-width: 1024px) 100vw, 1024px\" \/><\/figure><div class=\"wp-block-media-text__content\">\n<p> Ein 10kg Paket enth\u00e4lt: Filet, Steak, Halspl\u00e4tzli, Pl\u00e4tzli,  Braten\/Pl\u00e4tzli (kann als Braten gemacht werden oder zu Pl\u00e4tzli selber  geschnitten werden), Rollbraten,&nbsp;Geschnetzeltes, Kotlett, Bratw\u00fcrste,  Ragout, Haxen, Hackfleisch.<\/p>\n<\/div><\/div>\n\n\n\n<p><br><br><br><\/p>\n\n\n\n<p><strong>Lammfleischpaket<\/strong><\/p>\n\n\n\n<p>Das Lammfleischpaket besteht aus einem Gigot, Kotlettes (sehr lecker auf dem Grill), Ragout (geht auch f\u00fcr Spiessli auf dem Grill) und Hackfleisch.<\/p>\n\n\n\n<p><br><br><\/p>\n\n\n\n<p style=\"color:#0911ef\" class=\"has-text-color\"><a href=\"https:\/\/puenter.ch\/index.php\/bestellen\/\"><strong>-&gt;Bestelltalon&lt;-<\/strong><\/a><\/p>\n\n\n\n<p class=\"has-text-color has-luminous-vivid-orange-color\"><a href=\"https:\/\/puenter.ch\/index.php\/trockenfleisch\/\"><strong>-&gt;Trockenfleisch&lt;-<\/strong><\/a><\/p>\n","protected":false},"excerpt":{"rendered":"<p>Ein PaketBei einem Paket wird jede verschiedene Fleischsorte in jeweils&nbsp; einen Beutel abgepackt. Wenn Sie kleinere Portionen m\u00f6chten, geben Sie die bitte im Feld &#8222;Kleinabpackung&#8220; so wie Sie es w\u00fcnschen an. Kalbfleischpaket Das Kalbfleisch ist in 5 kg und 10 kg Paketen erh\u00e4ltlich. Ein 5 kg Paket enth\u00e4lt: Steaks, Pl\u00e4tzli, Geschnetzeltes, Ragout, Leber, Haxen, Gehacktes und Kalbsbratw\u00fcrste. Ein 10 kg Paket enth\u00e4lt: Filet, Huft, Steaks, Leber, Pl\u00e4tzli, Braten-Pl\u00e4tzli, Geschnetzeltes, Ragout, Braten, Haxen, Gehacktes und Kalbsbratw\u00fcrste. Jungrindfleischpaket Unser Jungrindfleischpaket bieten wir&#8230;<\/p>\n<p class=\"read-more\"><a class=\"btn btn-default\" href=\"https:\/\/puenter.ch\/index.php\/frischfleisch\/\">Weiterlesen<span class=\"screen-reader-text\"> Weiterlesen<\/span><\/a><\/p>\n","protected":false},"author":2,"featured_media":0,"parent":0,"menu_order":0,"comment_status":"closed","ping_status":"closed","template":"","meta":{"spay_email":""},"jetpack_sharing_enabled":true,"jetpack_shortlink":"https:\/\/wp.me\/PauNxH-6r","jetpack-related-posts":[{"id":518,"url":"https:\/\/puenter.ch\/index.php\/unsere-tiere\/","url_meta":{"origin":399,"position":0},"title":"Unsere Tiere","date":"Februar 16, 2019","format":false,"excerpt":"Unsere drei Hunde Momo, Bagira und Fynn bewachen den Hof und im Sommer helfen sie das Vieh zu sammeln und einzutreiben. Unsere H\u00fchner. Der Laufentenauslauf verl\u00e4uft rund um den ganzen Garten. Die Enten dienen somit zus\u00e4tzlich als biologische Schneckensperre vom Grasland zum Garten. Die kleinen L\u00e4mmer geniessen die Fr\u00fchlingssonne im\u2026","rel":"","context":"\u00c4hnlicher Beitrag","img":{"alt_text":"","src":"https:\/\/i0.wp.com\/puenter.ch\/wp-content\/uploads\/2019\/02\/P1060976.jpg?resize=350%2C200&ssl=1","width":350,"height":200},"classes":[]},{"id":9,"url":"https:\/\/puenter.ch\/index.php\/produkte\/","url_meta":{"origin":399,"position":1},"title":"Produkte","date":"M\u00e4rz 3, 2018","format":false,"excerpt":"Unsere Produkte sind Bio-Knospen zertifiziert. Alle Produkte, die auf dem Bestelltalon vorhanden sind, k\u00f6nnen Sie bestellen. Wir haben unsere Produkte grob in zwei Gruppen eingeteilt: ->Frischfleisch<- ->Trockenfleisch<- Felle Wir haben ein kleines Lager an braunen Lamm- und Schaffellen und zwei Kalbfelle zu Hause. Wenn Sie Interesse haben kontaktieren Sie uns\u2026","rel":"","context":"\u00c4hnlicher Beitrag","img":{"alt_text":"","src":"","width":0,"height":0},"classes":[]},{"id":404,"url":"https:\/\/puenter.ch\/index.php\/trockenfleisch\/","url_meta":{"origin":399,"position":2},"title":"Trockenfleisch","date":"Februar 1, 2019","format":false,"excerpt":"Unsere Trockenfleischspezialit\u00e4ten stellen wir auf dem Hof aus dem Fleisch unserer Tiere selber her.Alle Trockenfleischprodukte sind zum roh essen. Der Versand f\u00fcrs Trockenfleisch findet jeweils im Dezember statt. Tiefgefroren k\u00f6nnen Trockenfleischprodukte das ganze Jahr durch, solange Vorrat, gekauft und nach Absprache verschickt werden. Rauchsalami Die Rauchsalami ist eine Salamie, die\u2026","rel":"","context":"\u00c4hnlicher Beitrag","img":{"alt_text":"","src":"https:\/\/i0.wp.com\/puenter.ch\/wp-content\/uploads\/2019\/02\/P1060943.jpg?resize=350%2C200&ssl=1","width":350,"height":200},"classes":[]},{"id":34,"url":"https:\/\/puenter.ch\/","url_meta":{"origin":399,"position":3},"title":"Herzlich willkommen","date":"M\u00e4rz 3, 2018","format":false,"excerpt":"bei der Familie P\u00fcnter Sie erreichen uns unter 032 499 98 61 oder \u00fcber das Kontaktformular.","rel":"","context":"\u00c4hnlicher Beitrag","img":{"alt_text":"","src":"https:\/\/i1.wp.com\/puenter.ch\/wp-content\/uploads\/2021\/07\/20210614_124608-scaled.jpg?resize=350%2C200&ssl=1","width":350,"height":200},"classes":[]},{"id":15,"url":"https:\/\/puenter.ch\/index.php\/kontakt\/","url_meta":{"origin":399,"position":4},"title":"Kontakt","date":"M\u00e4rz 3, 2018","format":false,"excerpt":"Mit dem Kontaktformular k\u00f6nnen Sie mit uns Kontakt aufnehmen.","rel":"","context":"\u00c4hnlicher Beitrag","img":{"alt_text":"","src":"","width":0,"height":0},"classes":[]}],"_links":{"self":[{"href":"https:\/\/puenter.ch\/index.php\/wp-json\/wp\/v2\/pages\/399"}],"collection":[{"href":"https:\/\/puenter.ch\/index.php\/wp-json\/wp\/v2\/pages"}],"about":[{"href":"https:\/\/puenter.ch\/index.php\/wp-json\/wp\/v2\/types\/page"}],"author":[{"embeddable":true,"href":"https:\/\/puenter.ch\/index.php\/wp-json\/wp\/v2\/users\/2"}],"replies":[{"embeddable":true,"href":"https:\/\/puenter.ch\/index.php\/wp-json\/wp\/v2\/comments?post=399"}],"version-history":[{"count":35,"href":"https:\/\/puenter.ch\/index.php\/wp-json\/wp\/v2\/pages\/399\/revisions"}],"predecessor-version":[{"id":794,"href":"https:\/\/puenter.ch\/index.php\/wp-json\/wp\/v2\/pages\/399\/revisions\/794"}],"wp:attachment":[{"href":"https:\/\/puenter.ch\/index.php\/wp-json\/wp\/v2\/media?parent=399"}],"curies":[{"name":"wp","href":"https:\/\/api.w.org\/{rel}","templated":true}]}}