{"id":34,"date":"2018-03-03T14:31:51","date_gmt":"2018-03-03T14:31:51","guid":{"rendered":"https:\/\/puenter.ch\/?page_id=34"},"modified":"2021-07-15T12:25:34","modified_gmt":"2021-07-15T12:25:34","slug":"home","status":"publish","type":"page","link":"https:\/\/puenter.ch\/","title":{"rendered":"Herzlich willkommen"},"content":{"rendered":"\n<p class=\"has-text-align-center\" style=\"font-size:30px\"><strong>bei der Familie P\u00fcnter<\/strong><\/p>\n\n\n\n<figure class=\"wp-block-image size-large is-style-default\"><img data-attachment-id=\"1027\" data-permalink=\"https:\/\/puenter.ch\/index.php\/home\/20210614_124608\/\" data-orig-file=\"https:\/\/puenter.ch\/wp-content\/uploads\/2021\/07\/20210614_124608-scaled.jpg\" data-orig-size=\"2560,1244\" data-comments-opened=\"1\" data-image-meta=\"{&quot;aperture&quot;:&quot;1.7&quot;,&quot;credit&quot;:&quot;&quot;,&quot;camera&quot;:&quot;SM-A600FN&quot;,&quot;caption&quot;:&quot;&quot;,&quot;created_timestamp&quot;:&quot;1623674768&quot;,&quot;copyright&quot;:&quot;&quot;,&quot;focal_length&quot;:&quot;3.93&quot;,&quot;iso&quot;:&quot;40&quot;,&quot;shutter_speed&quot;:&quot;0.00089928057553957&quot;,&quot;title&quot;:&quot;&quot;,&quot;orientation&quot;:&quot;1&quot;}\" data-image-title=\"20210614_124608\" data-image-description=\"\" data-medium-file=\"https:\/\/puenter.ch\/wp-content\/uploads\/2021\/07\/20210614_124608-300x146.jpg\" data-large-file=\"https:\/\/puenter.ch\/wp-content\/uploads\/2021\/07\/20210614_124608-1024x498.jpg\" loading=\"lazy\" width=\"1024\" height=\"498\" src=\"https:\/\/puenter.ch\/wp-content\/uploads\/2021\/07\/20210614_124608-1024x498.jpg\" alt=\"\" class=\"wp-image-1027\" srcset=\"https:\/\/puenter.ch\/wp-content\/uploads\/2021\/07\/20210614_124608-1024x498.jpg 1024w, https:\/\/puenter.ch\/wp-content\/uploads\/2021\/07\/20210614_124608-300x146.jpg 300w, https:\/\/puenter.ch\/wp-content\/uploads\/2021\/07\/20210614_124608-768x373.jpg 768w, https:\/\/puenter.ch\/wp-content\/uploads\/2021\/07\/20210614_124608-1536x747.jpg 1536w, https:\/\/puenter.ch\/wp-content\/uploads\/2021\/07\/20210614_124608-2048x996.jpg 2048w, https:\/\/puenter.ch\/wp-content\/uploads\/2021\/07\/20210614_124608-555x270.jpg 555w\" sizes=\"(max-width: 1024px) 100vw, 1024px\" \/><\/figure>\n\n\n\n<p>Sie erreichen uns unter 032 499 98 61 oder \u00fcber das <a href=\"https:\/\/puenter.ch\/index.php\/kontakt\/\">Kontaktformular<\/a>.<\/p>\n","protected":false},"excerpt":{"rendered":"<p>bei der Familie P\u00fcnter Sie erreichen uns unter 032 499 98 61 oder \u00fcber das Kontaktformular.<\/p>\n","protected":false},"author":1,"featured_media":0,"parent":0,"menu_order":0,"comment_status":"closed","ping_status":"closed","template":"","meta":{"spay_email":""},"jetpack_sharing_enabled":true,"jetpack_shortlink":"https:\/\/wp.me\/PauNxH-y","jetpack-related-posts":[{"id":9,"url":"https:\/\/puenter.ch\/index.php\/produkte\/","url_meta":{"origin":34,"position":0},"title":"Produkte","date":"M\u00e4rz 3, 2018","format":false,"excerpt":"Unsere Produkte sind Bio-Knospen zertifiziert. Alle Produkte, die auf dem Bestelltalon vorhanden sind, k\u00f6nnen Sie bestellen. Wir haben unsere Produkte grob in zwei Gruppen eingeteilt: ->Frischfleisch<- ->Trockenfleisch<- Felle Wir haben ein kleines Lager an braunen Lamm- und Schaffellen und zwei Kalbfelle zu Hause. Wenn Sie Interesse haben kontaktieren Sie uns\u2026","rel":"","context":"\u00c4hnlicher Beitrag","img":{"alt_text":"","src":"","width":0,"height":0},"classes":[]},{"id":2,"url":"https:\/\/puenter.ch\/index.php\/sample-page\/","url_meta":{"origin":34,"position":1},"title":"Home","date":"M\u00e4rz 3, 2018","format":false,"excerpt":"Herzlich Willkommen auf der Website der Familie P\u00fcnter!","rel":"","context":"\u00c4hnlicher Beitrag","img":{"alt_text":"","src":"","width":0,"height":0},"classes":[]},{"id":399,"url":"https:\/\/puenter.ch\/index.php\/frischfleisch\/","url_meta":{"origin":34,"position":2},"title":"Frischfleisch","date":"Februar 1, 2019","format":false,"excerpt":"Ein PaketBei einem Paket wird jede verschiedene Fleischsorte in jeweils\u00a0 einen Beutel abgepackt. Wenn Sie kleinere Portionen m\u00f6chten, geben Sie die bitte im Feld \"Kleinabpackung\" so wie Sie es w\u00fcnschen an. Kalbfleischpaket Das Kalbfleisch ist in 5 kg und 10 kg Paketen erh\u00e4ltlich. Ein 5 kg Paket enth\u00e4lt: Steaks, Pl\u00e4tzli,\u2026","rel":"","context":"\u00c4hnlicher Beitrag","img":{"alt_text":"","src":"https:\/\/i2.wp.com\/puenter.ch\/wp-content\/uploads\/2019\/11\/Kalbfleischmischpaket-5-Kg-b-1-scaled.jpg?resize=350%2C200&ssl=1","width":350,"height":200},"classes":[]},{"id":518,"url":"https:\/\/puenter.ch\/index.php\/unsere-tiere\/","url_meta":{"origin":34,"position":3},"title":"Unsere Tiere","date":"Februar 16, 2019","format":false,"excerpt":"Unsere drei Hunde Momo, Bagira und Fynn bewachen den Hof und im Sommer helfen sie das Vieh zu sammeln und einzutreiben. Unsere H\u00fchner. Der Laufentenauslauf verl\u00e4uft rund um den ganzen Garten. Die Enten dienen somit zus\u00e4tzlich als biologische Schneckensperre vom Grasland zum Garten. Die kleinen L\u00e4mmer geniessen die Fr\u00fchlingssonne im\u2026","rel":"","context":"\u00c4hnlicher Beitrag","img":{"alt_text":"","src":"https:\/\/i0.wp.com\/puenter.ch\/wp-content\/uploads\/2019\/02\/P1060976.jpg?resize=350%2C200&ssl=1","width":350,"height":200},"classes":[]},{"id":404,"url":"https:\/\/puenter.ch\/index.php\/trockenfleisch\/","url_meta":{"origin":34,"position":4},"title":"Trockenfleisch","date":"Februar 1, 2019","format":false,"excerpt":"Unsere Trockenfleischspezialit\u00e4ten stellen wir auf dem Hof aus dem Fleisch unserer Tiere selber her.Alle Trockenfleischprodukte sind zum roh essen. Der Versand f\u00fcrs Trockenfleisch findet jeweils im Dezember statt. Tiefgefroren k\u00f6nnen Trockenfleischprodukte das ganze Jahr durch, solange Vorrat, gekauft und nach Absprache verschickt werden. Rauchsalami Die Rauchsalami ist eine Salamie, die\u2026","rel":"","context":"\u00c4hnlicher Beitrag","img":{"alt_text":"","src":"https:\/\/i0.wp.com\/puenter.ch\/wp-content\/uploads\/2019\/02\/P1060943.jpg?resize=350%2C200&ssl=1","width":350,"height":200},"classes":[]},{"id":15,"url":"https:\/\/puenter.ch\/index.php\/kontakt\/","url_meta":{"origin":34,"position":5},"title":"Kontakt","date":"M\u00e4rz 3, 2018","format":false,"excerpt":"Mit dem Kontaktformular k\u00f6nnen Sie mit uns Kontakt aufnehmen.","rel":"","context":"\u00c4hnlicher Beitrag","img":{"alt_text":"","src":"","width":0,"height":0},"classes":[]}],"_links":{"self":[{"href":"https:\/\/puenter.ch\/index.php\/wp-json\/wp\/v2\/pages\/34"}],"collection":[{"href":"https:\/\/puenter.ch\/index.php\/wp-json\/wp\/v2\/pages"}],"about":[{"href":"https:\/\/puenter.ch\/index.php\/wp-json\/wp\/v2\/types\/page"}],"author":[{"embeddable":true,"href":"https:\/\/puenter.ch\/index.php\/wp-json\/wp\/v2\/users\/1"}],"replies":[{"embeddable":true,"href":"https:\/\/puenter.ch\/index.php\/wp-json\/wp\/v2\/comments?post=34"}],"version-history":[{"count":33,"href":"https:\/\/puenter.ch\/index.php\/wp-json\/wp\/v2\/pages\/34\/revisions"}],"predecessor-version":[{"id":1029,"href":"https:\/\/puenter.ch\/index.php\/wp-json\/wp\/v2\/pages\/34\/revisions\/1029"}],"wp:attachment":[{"href":"https:\/\/puenter.ch\/index.php\/wp-json\/wp\/v2\/media?parent=34"}],"curies":[{"name":"wp","href":"https:\/\/api.w.org\/{rel}","templated":true}]}}